{"id":1485,"date":"2022-02-18T06:10:01","date_gmt":"2022-02-18T06:10:01","guid":{"rendered":"https:\/\/szel-pasztorkerteszet.hu\/?post_type=product&#038;p=1485"},"modified":"2026-04-08T08:20:56","modified_gmt":"2026-04-08T08:20:56","slug":"santolina-chamaecyparissus-hamvas-cipruska","status":"publish","type":"product","link":"https:\/\/szel-pasztorkerteszet.hu\/?product=santolina-chamaecyparissus-hamvas-cipruska","title":{"rendered":"Santolina chamaecyparissus &#8216;Lambrook Silver&#8217;\/ Hamvas cipruska"},"content":{"rendered":"<p>Santolina chamaecyparissus &#8216;Lambrook Silver&#8217;-Hamvas cipruska<\/p>\n<p>S\u0171r\u0171 lombrendszer\u0171, ez\u00fcstsz\u00fcrke, arom\u00e1s illat\u00fa, \u00f6r\u00f6kz\u00f6ld \u00e9vel\u0151.\u00a0 S\u00e1rga gombszer\u0171 vir\u00e1gai j\u00falius-augusztusban ny\u00edlnak. Magass\u00e1ga 35-40cm. Nagy f\u00e9nyig\u00e9ny\u0171 n\u00f6v\u00e9ny, j\u00f3l t\u0171ri a sz\u00e1razabb helyeket. \u00c9vente egyszer v\u00e1gjuk vissza, hogy megel\u0151zz\u00fck a ritkul\u00e1st. Kit\u0171n\u0151 v\u00e1laszt\u00e1s sziklakertekbe, k\u00f6vesebb r\u00e9szekre, vagy ed\u00e9nybe is.<\/p>\n<p>A term\u00e9ket 9&#215;9 cm-es cser\u00e9pben sz\u00e1ll\u00edtjuk!<\/p>\n","protected":false},"excerpt":{"rendered":"<p>Santolina chamaecyparissus &#8216;Lambrook Silver&#8217;-Hamvas cipruska S\u0171r\u0171 lombrendszer\u0171, ez\u00fcstsz\u00fcrke, arom\u00e1s illat\u00fa, \u00f6r\u00f6kz\u00f6ld \u00e9vel\u0151.\u00a0 S\u00e1rga gombszer\u0171 vir\u00e1gai j\u00falius-augusztusban ny\u00edlnak. Magass\u00e1ga 35-40cm. Nagy f\u00e9nyig\u00e9ny\u0171 n\u00f6v\u00e9ny, j\u00f3l t\u0171ri a sz\u00e1razabb helyeket. \u00c9vente egyszer v\u00e1gjuk vissza, hogy megel\u0151zz\u00fck a ritkul\u00e1st. Kit\u0171n\u0151 v\u00e1laszt\u00e1s sziklakertekbe, k\u00f6vesebb r\u00e9szekre, vagy ed\u00e9nybe is. A term\u00e9ket 9&#215;9 cm-es cser\u00e9pben sz\u00e1ll\u00edtjuk!<\/p>\n","protected":false},"featured_media":1478,"comment_status":"open","ping_status":"closed","template":"","meta":{"_monsterinsights_skip_tracking":false,"_monsterinsights_sitenote_active":false,"_monsterinsights_sitenote_note":"","_monsterinsights_sitenote_category":0},"product_brand":[],"product_cat":[21,35],"product_tag":[51,54,53],"class_list":{"0":"post-1485","1":"product","2":"type-product","3":"status-publish","4":"has-post-thumbnail","6":"product_cat-evelo-novenyek","7":"product_cat-sziklakerti-novenyek","8":"product_tag-cipruska","9":"product_tag-hamvas","10":"product_tag-szarazsag","12":"first","13":"outofstock","14":"taxable","15":"shipping-taxable","16":"purchasable","17":"product-type-simple"},"aioseo_notices":[],"_links":{"self":[{"href":"https:\/\/szel-pasztorkerteszet.hu\/index.php?rest_route=\/wp\/v2\/product\/1485","targetHints":{"allow":["GET"]}}],"collection":[{"href":"https:\/\/szel-pasztorkerteszet.hu\/index.php?rest_route=\/wp\/v2\/product"}],"about":[{"href":"https:\/\/szel-pasztorkerteszet.hu\/index.php?rest_route=\/wp\/v2\/types\/product"}],"replies":[{"embeddable":true,"href":"https:\/\/szel-pasztorkerteszet.hu\/index.php?rest_route=%2Fwp%2Fv2%2Fcomments&post=1485"}],"wp:featuredmedia":[{"embeddable":true,"href":"https:\/\/szel-pasztorkerteszet.hu\/index.php?rest_route=\/wp\/v2\/media\/1478"}],"wp:attachment":[{"href":"https:\/\/szel-pasztorkerteszet.hu\/index.php?rest_route=%2Fwp%2Fv2%2Fmedia&parent=1485"}],"wp:term":[{"taxonomy":"product_brand","embeddable":true,"href":"https:\/\/szel-pasztorkerteszet.hu\/index.php?rest_route=%2Fwp%2Fv2%2Fproduct_brand&post=1485"},{"taxonomy":"product_cat","embeddable":true,"href":"https:\/\/szel-pasztorkerteszet.hu\/index.php?rest_route=%2Fwp%2Fv2%2Fproduct_cat&post=1485"},{"taxonomy":"product_tag","embeddable":true,"href":"https:\/\/szel-pasztorkerteszet.hu\/index.php?rest_route=%2Fwp%2Fv2%2Fproduct_tag&post=1485"}],"curies":[{"name":"wp","href":"https:\/\/api.w.org\/{rel}","templated":true}]}}