{"id":1603,"date":"2022-02-20T15:50:24","date_gmt":"2022-02-20T15:50:24","guid":{"rendered":"https:\/\/szel-pasztorkerteszet.hu\/?post_type=product&#038;p=1603"},"modified":"2026-04-28T11:41:18","modified_gmt":"2026-04-28T11:41:18","slug":"iberis-sempervirens-orokzold-tatarvirag-feher","status":"publish","type":"product","link":"https:\/\/szel-pasztorkerteszet.hu\/?product=iberis-sempervirens-orokzold-tatarvirag-feher","title":{"rendered":"Iberis sempervirens &#8216;Fischbeck&#8217;\/ \u00d6r\u00f6kz\u00f6ld tat\u00e1rvir\u00e1g"},"content":{"rendered":"<p>Iberis sempervirens &#8216;Fischbeck&#8217;- \u00d6r\u00f6kz\u00f6ld tat\u00e1rvir\u00e1g<\/p>\n<p>\u00d6r\u00f6kz\u00f6ld, bokrosod\u00f3, alacsony kb. 20-30 cm magas \u00e9vel\u0151 n\u00f6v\u00e9ny. Lev\u00e9lzete, f\u00e9nyes, hegyes, s\u00f6t\u00e9tz\u00f6ld, melyek tetej\u00e9n \u00e1prilis- m\u00e1jusban t\u00f6m\u00f6tten ny\u00edlnak h\u00f3feh\u00e9r vir\u00e1gai. Nagyon h\u00e1l\u00e1s, gondoz\u00e1smentes \u00e9vel\u0151. Sziklakertek, t\u00e1mfalak kedvelt n\u00f6v\u00e9nye.<\/p>\n<p>A term\u00e9ket 9&#215;9 cm-es cser\u00e9pben sz\u00e1ll\u00edtjuk!<\/p>\n","protected":false},"excerpt":{"rendered":"<p>Iberis sempervirens &#8216;Fischbeck&#8217;- \u00d6r\u00f6kz\u00f6ld tat\u00e1rvir\u00e1g \u00d6r\u00f6kz\u00f6ld, bokrosod\u00f3, alacsony kb. 20-30 cm magas \u00e9vel\u0151 n\u00f6v\u00e9ny. Lev\u00e9lzete, f\u00e9nyes, hegyes, s\u00f6t\u00e9tz\u00f6ld, melyek tetej\u00e9n \u00e1prilis- m\u00e1jusban t\u00f6m\u00f6tten ny\u00edlnak h\u00f3feh\u00e9r vir\u00e1gai. Nagyon h\u00e1l\u00e1s, gondoz\u00e1smentes \u00e9vel\u0151. Sziklakertek, t\u00e1mfalak kedvelt n\u00f6v\u00e9nye. A term\u00e9ket 9&#215;9 cm-es cser\u00e9pben sz\u00e1ll\u00edtjuk!<\/p>\n","protected":false},"featured_media":1334,"comment_status":"open","ping_status":"closed","template":"","meta":{"_monsterinsights_skip_tracking":false,"_monsterinsights_sitenote_active":false,"_monsterinsights_sitenote_note":"","_monsterinsights_sitenote_category":0},"product_brand":[],"product_cat":[21,34,35],"product_tag":[64,140,52,139],"class_list":{"0":"post-1603","1":"product","2":"type-product","3":"status-publish","4":"has-post-thumbnail","6":"product_cat-evelo-novenyek","7":"product_cat-orokzold-novenyek","8":"product_cat-sziklakerti-novenyek","9":"product_tag-feher","10":"product_tag-orokzold","11":"product_tag-sziklakert","12":"product_tag-tatarvirag","14":"first","15":"instock","16":"taxable","17":"shipping-taxable","18":"purchasable","19":"product-type-simple"},"aioseo_notices":[],"_links":{"self":[{"href":"https:\/\/szel-pasztorkerteszet.hu\/index.php?rest_route=\/wp\/v2\/product\/1603","targetHints":{"allow":["GET"]}}],"collection":[{"href":"https:\/\/szel-pasztorkerteszet.hu\/index.php?rest_route=\/wp\/v2\/product"}],"about":[{"href":"https:\/\/szel-pasztorkerteszet.hu\/index.php?rest_route=\/wp\/v2\/types\/product"}],"replies":[{"embeddable":true,"href":"https:\/\/szel-pasztorkerteszet.hu\/index.php?rest_route=%2Fwp%2Fv2%2Fcomments&post=1603"}],"wp:featuredmedia":[{"embeddable":true,"href":"https:\/\/szel-pasztorkerteszet.hu\/index.php?rest_route=\/wp\/v2\/media\/1334"}],"wp:attachment":[{"href":"https:\/\/szel-pasztorkerteszet.hu\/index.php?rest_route=%2Fwp%2Fv2%2Fmedia&parent=1603"}],"wp:term":[{"taxonomy":"product_brand","embeddable":true,"href":"https:\/\/szel-pasztorkerteszet.hu\/index.php?rest_route=%2Fwp%2Fv2%2Fproduct_brand&post=1603"},{"taxonomy":"product_cat","embeddable":true,"href":"https:\/\/szel-pasztorkerteszet.hu\/index.php?rest_route=%2Fwp%2Fv2%2Fproduct_cat&post=1603"},{"taxonomy":"product_tag","embeddable":true,"href":"https:\/\/szel-pasztorkerteszet.hu\/index.php?rest_route=%2Fwp%2Fv2%2Fproduct_tag&post=1603"}],"curies":[{"name":"wp","href":"https:\/\/api.w.org\/{rel}","templated":true}]}}