{"id":1825,"date":"2022-02-24T10:31:15","date_gmt":"2022-02-24T10:31:15","guid":{"rendered":"https:\/\/szel-pasztorkerteszet.hu\/?post_type=product&#038;p=1825"},"modified":"2026-04-22T12:26:29","modified_gmt":"2026-04-22T12:26:29","slug":"photinia-x-fraseri-red-robin-korallberkenye","status":"publish","type":"product","link":"https:\/\/szel-pasztorkerteszet.hu\/?product=photinia-x-fraseri-red-robin-korallberkenye","title":{"rendered":"Photinia x fraseri &#8216;Red Robin&#8217;\/ Korallberkenye"},"content":{"rendered":"<p>Photinia x fraseri &#8216;Red Robin&#8217;- Korallberkenye<\/p>\n<p>3-5 m magas \u00f6r\u00f6kz\u00f6ld bokor. K\u00fcl\u00f6nlegess\u00e9ge, hogy friss hajt\u00e1sainak v\u00e9ge \u00e9l\u00e9nk v\u00f6r\u00f6s. Metsz\u00e9s ut\u00e1n a friss hajt\u00e1sok t\u0171zpiros sz\u00edn\u0171ek. Apr\u00f3, feh\u00e9r vir\u00e1gai ny\u00e1r elej\u00e9n ny\u00edlnak, kis piros term\u00e9sei \u0151sszel \u00e9s gyakran t\u00e9len is d\u00edsz\u00edtik a bokrot. Talajban nem v\u00e1logat, viszont f\u00e9nyig\u00e9nyes n\u00f6v\u00e9ny, napra \u00fcltess\u00fck. \u00d6nt\u00f6z\u00e9st ig\u00e9nyel a ny\u00e1ri h\u00f3napokban. A metsz\u00e9st nagyon j\u00f3l t\u0171ri. Gy\u00f6ny\u00f6r\u0171 s\u00f6v\u00e9ny nevelhet\u0151 bel\u0151le, de szoliternek is alkalmas.<\/p>\n<p>A nagym\u00e9ret\u0171 n\u00f6v\u00e9nyeket kiz\u00e1r\u00f3lag kert\u00e9szeti \u00e1tv\u00e9tellel vagy saj\u00e1t aut\u00f3s kisz\u00e1ll\u00edt\u00e1ssal lehet rendelni!<\/p>\n<p>&nbsp;<\/p>\n<p>&nbsp;<\/p>\n","protected":false},"excerpt":{"rendered":"<p>Photinia x fraseri &#8216;Red Robin&#8217;- Korallberkenye 3-5 m magas \u00f6r\u00f6kz\u00f6ld bokor. K\u00fcl\u00f6nlegess\u00e9ge, hogy friss hajt\u00e1sainak v\u00e9ge \u00e9l\u00e9nk v\u00f6r\u00f6s. Metsz\u00e9s ut\u00e1n a friss hajt\u00e1sok t\u0171zpiros sz\u00edn\u0171ek. Apr\u00f3, feh\u00e9r vir\u00e1gai ny\u00e1r elej\u00e9n ny\u00edlnak, kis piros term\u00e9sei \u0151sszel \u00e9s gyakran t\u00e9len is d\u00edsz\u00edtik a bokrot. Talajban nem v\u00e1logat, viszont f\u00e9nyig\u00e9nyes n\u00f6v\u00e9ny, napra \u00fcltess\u00fck. \u00d6nt\u00f6z\u00e9st ig\u00e9nyel a ny\u00e1ri h\u00f3napokban. [&hellip;]<\/p>\n","protected":false},"featured_media":1728,"comment_status":"open","ping_status":"closed","template":"","meta":{"_monsterinsights_skip_tracking":false,"_monsterinsights_sitenote_active":false,"_monsterinsights_sitenote_note":"","_monsterinsights_sitenote_category":0},"product_brand":[],"product_cat":[26,34],"product_tag":[205,140,75,806,172],"class_list":{"0":"post-1825","1":"product","2":"type-product","3":"status-publish","4":"has-post-thumbnail","6":"product_cat-cserjek-bokrok","7":"product_cat-orokzold-novenyek","8":"product_tag-korallberkenye","9":"product_tag-orokzold","10":"product_tag-piros","11":"product_tag-red-robin","12":"product_tag-soveny","14":"first","15":"instock","16":"taxable","17":"shipping-taxable","18":"purchasable","19":"product-type-variable"},"aioseo_notices":[],"_links":{"self":[{"href":"https:\/\/szel-pasztorkerteszet.hu\/index.php?rest_route=\/wp\/v2\/product\/1825","targetHints":{"allow":["GET"]}}],"collection":[{"href":"https:\/\/szel-pasztorkerteszet.hu\/index.php?rest_route=\/wp\/v2\/product"}],"about":[{"href":"https:\/\/szel-pasztorkerteszet.hu\/index.php?rest_route=\/wp\/v2\/types\/product"}],"replies":[{"embeddable":true,"href":"https:\/\/szel-pasztorkerteszet.hu\/index.php?rest_route=%2Fwp%2Fv2%2Fcomments&post=1825"}],"wp:featuredmedia":[{"embeddable":true,"href":"https:\/\/szel-pasztorkerteszet.hu\/index.php?rest_route=\/wp\/v2\/media\/1728"}],"wp:attachment":[{"href":"https:\/\/szel-pasztorkerteszet.hu\/index.php?rest_route=%2Fwp%2Fv2%2Fmedia&parent=1825"}],"wp:term":[{"taxonomy":"product_brand","embeddable":true,"href":"https:\/\/szel-pasztorkerteszet.hu\/index.php?rest_route=%2Fwp%2Fv2%2Fproduct_brand&post=1825"},{"taxonomy":"product_cat","embeddable":true,"href":"https:\/\/szel-pasztorkerteszet.hu\/index.php?rest_route=%2Fwp%2Fv2%2Fproduct_cat&post=1825"},{"taxonomy":"product_tag","embeddable":true,"href":"https:\/\/szel-pasztorkerteszet.hu\/index.php?rest_route=%2Fwp%2Fv2%2Fproduct_tag&post=1825"}],"curies":[{"name":"wp","href":"https:\/\/api.w.org\/{rel}","templated":true}]}}