{"id":2346,"date":"2022-03-01T15:05:43","date_gmt":"2022-03-01T15:05:43","guid":{"rendered":"https:\/\/szel-pasztorkerteszet.hu\/?post_type=product&#038;p=2346"},"modified":"2026-03-08T16:36:18","modified_gmt":"2026-03-08T16:36:18","slug":"spirea-japonica-golden-princess-sarga-torpe-gyongyvesszo-rozsaszin","status":"publish","type":"product","link":"https:\/\/szel-pasztorkerteszet.hu\/?product=spirea-japonica-golden-princess-sarga-torpe-gyongyvesszo-rozsaszin","title":{"rendered":"Spiraea japonica &#8216;Golden Princess&#8217;\/ S\u00e1rga t\u00f6rpe gy\u00f6ngyvessz\u0151, r\u00f3zsasz\u00edn"},"content":{"rendered":"<p>Spiraea japonica &#8216;Golden Princess&#8217;-\u00a0 S\u00e1rga t\u00f6rpe gy\u00f6ngyvessz\u0151<\/p>\n<p>20-30 cm magas \u00e9s 30-40 cm sz\u00e9les, elter\u00fcl\u0151 lombhullat\u00f3 cserje. R\u00f3zsasz\u00edn vir\u00e1gai j\u00fanius- j\u00faliusban ny\u00edlnak, bebor\u00edtj\u00e1k a bokrot. Levelei kis m\u00e9ret\u0171ek fogazottak, s\u00e1rg\u00e1k. Napos, f\u00e9l\u00e1rny\u00e9kos, t\u00e1panyagban gazdag talajba \u00fcltess\u00fck. Rendszeres \u00f6nt\u00f6z\u00e9st ig\u00e9nyel, f\u0151leg vir\u00e1gz\u00e1skor. \u00c9vente egyszer \u00e9rdemes vissza v\u00e1gni az id\u0151s \u00e9s az elvir\u00e1gzott \u00e1gakat. \u00dcltethet\u0151 szoliternek, csoportosan, ed\u00e9nybe vagy s\u00f6v\u00e9nynek is.<\/p>\n<p>T\u00e9l\u00e1ll\u00f3s\u00e1gi z\u00f3na: 4a -34,4C<\/p>\n<p>A term\u00e9ket 2 Literes cser\u00e9pben sz\u00e1ll\u00edtjuk!<\/p>\n","protected":false},"excerpt":{"rendered":"<p><strong>\u00c1prilis 1-t\u0151l rendelhet\u0151!<\/strong><\/p>\n","protected":false},"featured_media":2278,"comment_status":"open","ping_status":"closed","template":"","meta":{"_monsterinsights_skip_tracking":false,"_monsterinsights_sitenote_active":false,"_monsterinsights_sitenote_note":"","_monsterinsights_sitenote_category":0},"product_brand":[],"product_cat":[26],"product_tag":[283,67,131],"class_list":{"0":"post-2346","1":"product","2":"type-product","3":"status-publish","4":"has-post-thumbnail","6":"product_cat-cserjek-bokrok","7":"product_tag-gyongyvesszo","8":"product_tag-sarga","9":"product_tag-torpe","11":"first","12":"instock","13":"taxable","14":"shipping-taxable","15":"purchasable","16":"product-type-simple"},"aioseo_notices":[],"_links":{"self":[{"href":"https:\/\/szel-pasztorkerteszet.hu\/index.php?rest_route=\/wp\/v2\/product\/2346","targetHints":{"allow":["GET"]}}],"collection":[{"href":"https:\/\/szel-pasztorkerteszet.hu\/index.php?rest_route=\/wp\/v2\/product"}],"about":[{"href":"https:\/\/szel-pasztorkerteszet.hu\/index.php?rest_route=\/wp\/v2\/types\/product"}],"replies":[{"embeddable":true,"href":"https:\/\/szel-pasztorkerteszet.hu\/index.php?rest_route=%2Fwp%2Fv2%2Fcomments&post=2346"}],"wp:featuredmedia":[{"embeddable":true,"href":"https:\/\/szel-pasztorkerteszet.hu\/index.php?rest_route=\/wp\/v2\/media\/2278"}],"wp:attachment":[{"href":"https:\/\/szel-pasztorkerteszet.hu\/index.php?rest_route=%2Fwp%2Fv2%2Fmedia&parent=2346"}],"wp:term":[{"taxonomy":"product_brand","embeddable":true,"href":"https:\/\/szel-pasztorkerteszet.hu\/index.php?rest_route=%2Fwp%2Fv2%2Fproduct_brand&post=2346"},{"taxonomy":"product_cat","embeddable":true,"href":"https:\/\/szel-pasztorkerteszet.hu\/index.php?rest_route=%2Fwp%2Fv2%2Fproduct_cat&post=2346"},{"taxonomy":"product_tag","embeddable":true,"href":"https:\/\/szel-pasztorkerteszet.hu\/index.php?rest_route=%2Fwp%2Fv2%2Fproduct_tag&post=2346"}],"curies":[{"name":"wp","href":"https:\/\/api.w.org\/{rel}","templated":true}]}}