{"id":2394,"date":"2022-03-02T10:24:03","date_gmt":"2022-03-02T10:24:03","guid":{"rendered":"https:\/\/szel-pasztorkerteszet.hu\/?post_type=product&#038;p=2394"},"modified":"2026-03-26T17:10:25","modified_gmt":"2026-03-26T17:10:25","slug":"stipa-tenuissima-pony-tails-mexikoi-arvalanyhaj","status":"publish","type":"product","link":"https:\/\/szel-pasztorkerteszet.hu\/?product=stipa-tenuissima-pony-tails-mexikoi-arvalanyhaj","title":{"rendered":"Stipa tenuissima &#8216;Pony Tails&#8217;\/ Mexik\u00f3i \u00e1rval\u00e1nyhaj"},"content":{"rendered":"<p>Stipa tenuissima &#8216;Pony Tails&#8217;- Mexik\u00f3i \u00e1rval\u00e1nyhaj<\/p>\n<p>30 cm magas, keskeny, sz\u00e1las level\u0171, l\u00e1gy tapint\u00e1s\u00fa d\u00edszf\u0171. Kr\u00e9mfeh\u00e9r, l\u00e9gies bug\u00e1it j\u00faliust\u00f3l- augusztusig hozza. Napos, v\u00e9dett helyre, k\u00f6zepesen t\u00e1panyagd\u00fas, m\u00e9rs\u00e9kelten sz\u00e1raz ter\u00fcletre \u00fcltess\u00fck. Felhaszn\u00e1lhatjuk m\u00e1s d\u00edszf\u00fcvekkel t\u00e1rs\u00edtva, sziklakertbe vagy csoportosan \u00fcltetve is.<\/p>\n<p>A term\u00e9ket 12 cm-es cser\u00e9pben sz\u00e1ll\u00edtjuk!<\/p>\n<p>&nbsp;<\/p>\n","protected":false},"excerpt":{"rendered":"<p>Stipa tenuissima &#8216;Pony Tails&#8217;- Mexik\u00f3i \u00e1rval\u00e1nyhaj 30 cm magas, keskeny, sz\u00e1las level\u0171, l\u00e1gy tapint\u00e1s\u00fa d\u00edszf\u0171. Kr\u00e9mfeh\u00e9r, l\u00e9gies bug\u00e1it j\u00faliust\u00f3l- augusztusig hozza. Napos, v\u00e9dett helyre, k\u00f6zepesen t\u00e1panyagd\u00fas, m\u00e9rs\u00e9kelten sz\u00e1raz ter\u00fcletre \u00fcltess\u00fck. Felhaszn\u00e1lhatjuk m\u00e1s d\u00edszf\u00fcvekkel t\u00e1rs\u00edtva, sziklakertbe vagy csoportosan \u00fcltetve is. A term\u00e9ket 12 cm-es cser\u00e9pben sz\u00e1ll\u00edtjuk! &nbsp;<\/p>\n","protected":false},"featured_media":2293,"comment_status":"open","ping_status":"closed","template":"","meta":{"_monsterinsights_skip_tracking":false,"_monsterinsights_sitenote_active":false,"_monsterinsights_sitenote_note":"","_monsterinsights_sitenote_category":0},"product_brand":[],"product_cat":[27,21],"product_tag":[293,262],"class_list":{"0":"post-2394","1":"product","2":"type-product","3":"status-publish","4":"has-post-thumbnail","6":"product_cat-bambuszok-diszfuvek-nadak","7":"product_cat-evelo-novenyek","8":"product_tag-arvalanyhaj","9":"product_tag-diszfu","11":"first","12":"outofstock","13":"taxable","14":"shipping-taxable","15":"purchasable","16":"product-type-simple"},"aioseo_notices":[],"_links":{"self":[{"href":"https:\/\/szel-pasztorkerteszet.hu\/index.php?rest_route=\/wp\/v2\/product\/2394","targetHints":{"allow":["GET"]}}],"collection":[{"href":"https:\/\/szel-pasztorkerteszet.hu\/index.php?rest_route=\/wp\/v2\/product"}],"about":[{"href":"https:\/\/szel-pasztorkerteszet.hu\/index.php?rest_route=\/wp\/v2\/types\/product"}],"replies":[{"embeddable":true,"href":"https:\/\/szel-pasztorkerteszet.hu\/index.php?rest_route=%2Fwp%2Fv2%2Fcomments&post=2394"}],"wp:featuredmedia":[{"embeddable":true,"href":"https:\/\/szel-pasztorkerteszet.hu\/index.php?rest_route=\/wp\/v2\/media\/2293"}],"wp:attachment":[{"href":"https:\/\/szel-pasztorkerteszet.hu\/index.php?rest_route=%2Fwp%2Fv2%2Fmedia&parent=2394"}],"wp:term":[{"taxonomy":"product_brand","embeddable":true,"href":"https:\/\/szel-pasztorkerteszet.hu\/index.php?rest_route=%2Fwp%2Fv2%2Fproduct_brand&post=2394"},{"taxonomy":"product_cat","embeddable":true,"href":"https:\/\/szel-pasztorkerteszet.hu\/index.php?rest_route=%2Fwp%2Fv2%2Fproduct_cat&post=2394"},{"taxonomy":"product_tag","embeddable":true,"href":"https:\/\/szel-pasztorkerteszet.hu\/index.php?rest_route=%2Fwp%2Fv2%2Fproduct_tag&post=2394"}],"curies":[{"name":"wp","href":"https:\/\/api.w.org\/{rel}","templated":true}]}}