{"id":2404,"date":"2022-03-02T13:57:21","date_gmt":"2022-03-02T13:57:21","guid":{"rendered":"https:\/\/szel-pasztorkerteszet.hu\/?post_type=product&#038;p=2404"},"modified":"2026-04-25T11:07:57","modified_gmt":"2026-04-25T11:07:57","slug":"tamarix-tetrandra-korai-tamariska","status":"publish","type":"product","link":"https:\/\/szel-pasztorkerteszet.hu\/?product=tamarix-tetrandra-korai-tamariska","title":{"rendered":"Tamarix tetrandra\/ Korai tamariska"},"content":{"rendered":"<p>Tamarix tetrandra- Korai tamariska<\/p>\n<p>2-3 m magas, nagyon ig\u00e9nytelen, sz\u00e1razs\u00e1gt\u0171r\u0151 d\u00edszcserje. Lombja jellegzetes f\u00e1tyolszer\u0171 \u00e9s az \u00edves vessz\u0151k\u00f6n, teljes hossz\u00e1ban, tavasszal ny\u00edl\u00f3 r\u00f3zsasz\u00edn vir\u00e1gaival d\u00edsz\u00edt. Tereb\u00e9lyes helyekre javasoljuk, mivel a sz\u00e9less\u00e9ge el\u00e9rheti a 3-4 m-t. \u00c9vente egyszer \u00e9rdemes vissza v\u00e1gni. Nagyon dekorat\u00edv d\u00edszn\u00f6v\u00e9ny! szoliterk\u00e9nt a legszebb, de \u00fcltethetj\u00fck cserje csoportokba is.<\/p>\n<p>2L-es kont\u00e9nerben 40\/60cm<\/p>\n","protected":false},"excerpt":{"rendered":"<p>Tamarix tetrandra- Korai tamariska 2-3 m magas, nagyon ig\u00e9nytelen, sz\u00e1razs\u00e1gt\u0171r\u0151 d\u00edszcserje. Lombja jellegzetes f\u00e1tyolszer\u0171 \u00e9s az \u00edves vessz\u0151k\u00f6n, teljes hossz\u00e1ban, tavasszal ny\u00edl\u00f3 r\u00f3zsasz\u00edn vir\u00e1gaival d\u00edsz\u00edt. Tereb\u00e9lyes helyekre javasoljuk, mivel a sz\u00e9less\u00e9ge el\u00e9rheti a 3-4 m-t. \u00c9vente egyszer \u00e9rdemes vissza v\u00e1gni. Nagyon dekorat\u00edv d\u00edszn\u00f6v\u00e9ny! szoliterk\u00e9nt a legszebb, de \u00fcltethetj\u00fck cserje csoportokba is. 2L-es kont\u00e9nerben 40\/60cm<\/p>\n","protected":false},"featured_media":2312,"comment_status":"open","ping_status":"closed","template":"","meta":{"_monsterinsights_skip_tracking":false,"_monsterinsights_sitenote_active":false,"_monsterinsights_sitenote_note":"","_monsterinsights_sitenote_category":0},"product_brand":[],"product_cat":[26,38],"product_tag":[229,85,300],"class_list":{"0":"post-2404","1":"product","2":"type-product","3":"status-publish","4":"has-post-thumbnail","6":"product_cat-cserjek-bokrok","7":"product_cat-diszfak","8":"product_tag-cserje","9":"product_tag-rozsaszin","10":"product_tag-tamariska","12":"first","13":"outofstock","14":"taxable","15":"shipping-taxable","16":"purchasable","17":"product-type-simple"},"aioseo_notices":[],"_links":{"self":[{"href":"https:\/\/szel-pasztorkerteszet.hu\/index.php?rest_route=\/wp\/v2\/product\/2404","targetHints":{"allow":["GET"]}}],"collection":[{"href":"https:\/\/szel-pasztorkerteszet.hu\/index.php?rest_route=\/wp\/v2\/product"}],"about":[{"href":"https:\/\/szel-pasztorkerteszet.hu\/index.php?rest_route=\/wp\/v2\/types\/product"}],"replies":[{"embeddable":true,"href":"https:\/\/szel-pasztorkerteszet.hu\/index.php?rest_route=%2Fwp%2Fv2%2Fcomments&post=2404"}],"wp:featuredmedia":[{"embeddable":true,"href":"https:\/\/szel-pasztorkerteszet.hu\/index.php?rest_route=\/wp\/v2\/media\/2312"}],"wp:attachment":[{"href":"https:\/\/szel-pasztorkerteszet.hu\/index.php?rest_route=%2Fwp%2Fv2%2Fmedia&parent=2404"}],"wp:term":[{"taxonomy":"product_brand","embeddable":true,"href":"https:\/\/szel-pasztorkerteszet.hu\/index.php?rest_route=%2Fwp%2Fv2%2Fproduct_brand&post=2404"},{"taxonomy":"product_cat","embeddable":true,"href":"https:\/\/szel-pasztorkerteszet.hu\/index.php?rest_route=%2Fwp%2Fv2%2Fproduct_cat&post=2404"},{"taxonomy":"product_tag","embeddable":true,"href":"https:\/\/szel-pasztorkerteszet.hu\/index.php?rest_route=%2Fwp%2Fv2%2Fproduct_tag&post=2404"}],"curies":[{"name":"wp","href":"https:\/\/api.w.org\/{rel}","templated":true}]}}