{"id":2475,"date":"2022-03-03T10:37:25","date_gmt":"2022-03-03T10:37:25","guid":{"rendered":"https:\/\/szel-pasztorkerteszet.hu\/?post_type=product&#038;p=2475"},"modified":"2026-04-20T15:08:29","modified_gmt":"2026-04-20T15:08:29","slug":"berberis-thunbergii-admiration-piros-levelu-sarga-szelu-torpe-japan-borbolya","status":"publish","type":"product","link":"https:\/\/szel-pasztorkerteszet.hu\/?product=berberis-thunbergii-admiration-piros-levelu-sarga-szelu-torpe-japan-borbolya","title":{"rendered":"Berberis thunbergii &#8216;Admiration&#8217;\/ Piros level\u0171, s\u00e1rga sz\u00e9l\u0171 t\u00f6rpe jap\u00e1n borbolya"},"content":{"rendered":"<p>Berberis thunbergii &#8216;Admiration&#8217;- Piros level\u0171, s\u00e1rga sz\u00e9l\u0171 t\u00f6rpe jap\u00e1n borbolya<\/p>\n<p>Kistermet\u0171, kb 50 cm magas, g\u00f6mb\u00f6lyded, s\u0171r\u0171, lombhullat\u00f3 cserje. Sz\u00e1rain apr\u00f3 t\u00fcsk\u00e9k vannak. Levele narancss\u00e1rga, v\u00f6r\u00f6s sz\u00ednekben pomp\u00e1zik, szeg\u00e9ly\u00e9n kr\u00e9ms\u00e1rga sz\u00edn fut v\u00e9gig. Vir\u00e1ga apr\u00f3, s\u00e1rga, \u00e1prilis- m\u00e1jusban ny\u00edlik, majd piros hossz\u00fak\u00e1s bogy\u00f3term\u00e9s k\u00f6veti. Napos helyre \u00fcltess\u00fck, mert az \u00e1rny\u00e9kban p\u00e1r nap alatt elveszti l\u00e1tv\u00e1nyos sz\u00edn\u00e9t. Talajban a laza, j\u00f3 v\u00edz\u00e1tereszt\u0151 k\u00e9pess\u00e9g\u0171, t\u00e1panyagban gazdag ter\u00fcleteket r\u00e9szes\u00edti el\u0151nyben. Alacsony v\u00edzig\u00e9ny\u0171 n\u00f6v\u00e9ny, a gondoz\u00e1s\u00e1ra sem kell t\u00fal sok gondot ford\u00edtani. \u00dcltethet\u0151 szoliterk\u00e9nt, r\u00e9zs\u0171kre, vagy csoportosan is. M\u00e1s sz\u00ednes borbolya fajokkal t\u00e1rs\u00edtva igaz\u00e1n sz\u00e9p l\u00e1tv\u00e1nyt ny\u00fajt.<\/p>\n<p>A term\u00e9ket 2 Literes cser\u00e9pben, 20\/30 cm-es m\u00e9retben sz\u00e1ll\u00edtjuk!<\/p>\n<p>&nbsp;<\/p>\n","protected":false},"excerpt":{"rendered":"<p><strong>\u00c1prilis 1-t\u0151l rendelhet\u0151!<\/strong><\/p>\n","protected":false},"featured_media":2473,"comment_status":"open","ping_status":"closed","template":"","meta":{"_monsterinsights_skip_tracking":false,"_monsterinsights_sitenote_active":false,"_monsterinsights_sitenote_note":"","_monsterinsights_sitenote_category":0},"product_brand":[],"product_cat":[26],"product_tag":[307,229,127,147],"class_list":{"0":"post-2475","1":"product","2":"type-product","3":"status-publish","4":"has-post-thumbnail","6":"product_cat-cserjek-bokrok","7":"product_tag-borbolya","8":"product_tag-cserje","9":"product_tag-narancs","10":"product_tag-szines","12":"first","13":"outofstock","14":"taxable","15":"shipping-taxable","16":"purchasable","17":"product-type-simple"},"aioseo_notices":[],"_links":{"self":[{"href":"https:\/\/szel-pasztorkerteszet.hu\/index.php?rest_route=\/wp\/v2\/product\/2475","targetHints":{"allow":["GET"]}}],"collection":[{"href":"https:\/\/szel-pasztorkerteszet.hu\/index.php?rest_route=\/wp\/v2\/product"}],"about":[{"href":"https:\/\/szel-pasztorkerteszet.hu\/index.php?rest_route=\/wp\/v2\/types\/product"}],"replies":[{"embeddable":true,"href":"https:\/\/szel-pasztorkerteszet.hu\/index.php?rest_route=%2Fwp%2Fv2%2Fcomments&post=2475"}],"wp:featuredmedia":[{"embeddable":true,"href":"https:\/\/szel-pasztorkerteszet.hu\/index.php?rest_route=\/wp\/v2\/media\/2473"}],"wp:attachment":[{"href":"https:\/\/szel-pasztorkerteszet.hu\/index.php?rest_route=%2Fwp%2Fv2%2Fmedia&parent=2475"}],"wp:term":[{"taxonomy":"product_brand","embeddable":true,"href":"https:\/\/szel-pasztorkerteszet.hu\/index.php?rest_route=%2Fwp%2Fv2%2Fproduct_brand&post=2475"},{"taxonomy":"product_cat","embeddable":true,"href":"https:\/\/szel-pasztorkerteszet.hu\/index.php?rest_route=%2Fwp%2Fv2%2Fproduct_cat&post=2475"},{"taxonomy":"product_tag","embeddable":true,"href":"https:\/\/szel-pasztorkerteszet.hu\/index.php?rest_route=%2Fwp%2Fv2%2Fproduct_tag&post=2475"}],"curies":[{"name":"wp","href":"https:\/\/api.w.org\/{rel}","templated":true}]}}