{"id":2481,"date":"2022-03-03T17:52:11","date_gmt":"2022-03-03T17:52:11","guid":{"rendered":"https:\/\/szel-pasztorkerteszet.hu\/?post_type=product&#038;p=2481"},"modified":"2026-04-20T15:08:01","modified_gmt":"2026-04-20T15:08:01","slug":"berberis-thunbergii-sunjoy-gold-pillar","status":"publish","type":"product","link":"https:\/\/szel-pasztorkerteszet.hu\/?product=berberis-thunbergii-sunjoy-gold-pillar","title":{"rendered":"Berberis thunbergii &#8216;Golden Pillar&#8217;\/ S\u00e1rga oszlopos jap\u00e1n borbolya"},"content":{"rendered":"<p>Berberis thunbergii &#8216;Golden Pillar&#8217;- S\u00e1rga oszlopos jap\u00e1n borbolya<\/p>\n<p>&nbsp;<\/p>\n<p>Kb 90-120 cm magas, felfel\u00e9 t\u00f6r\u0151, hossz\u00fa hajt\u00e1srendszer\u0171, oszlopos n\u00f6veked\u00e9s\u0171 lombhullat\u00f3 cserje. Sz\u00e1rain apr\u00f3 t\u00fcsk\u00e9k vannak. Levele s\u00e1rga- arany sz\u00ednekben pomp\u00e1zik. Vir\u00e1ga apr\u00f3, s\u00e1rga, \u00e1prilis- m\u00e1jusban ny\u00edlik, majd piros hossz\u00fak\u00e1s bogy\u00f3term\u00e9s k\u00f6veti. Napos helyre \u00fcltess\u00fck, mert az \u00e1rny\u00e9kban p\u00e1r nap alatt elveszti l\u00e1tv\u00e1nyos sz\u00edn\u00e9t. Talajban a laza, j\u00f3 v\u00edz\u00e1tereszt\u0151 k\u00e9pess\u00e9g\u0171, t\u00e1panyagban gazdag ter\u00fcleteket r\u00e9szes\u00edti el\u0151nyben. Alacsony v\u00edzig\u00e9ny\u0171 n\u00f6v\u00e9ny, a gondoz\u00e1s\u00e1ra sem kell t\u00fal sok gondot ford\u00edtani. \u00dcltethet\u0151 szoliterk\u00e9nt, r\u00e9zs\u0171kre, vagy csoportosan is. M\u00e1s sz\u00ednes borbolya fajokkal t\u00e1rs\u00edtva igaz\u00e1n sz\u00e9p l\u00e1tv\u00e1nyt ny\u00fajt.<\/p>\n<p>A term\u00e9ket 3 Literes kont\u00e9nerben, 30\/40 cm-es m\u00e9retben sz\u00e1ll\u00edtjuk!<\/p>\n","protected":false},"excerpt":{"rendered":"<p>Berberis thunbergii &#8216;Golden Pillar&#8217;- S\u00e1rga oszlopos jap\u00e1n borbolya &nbsp; Kb 90-120 cm magas, felfel\u00e9 t\u00f6r\u0151, hossz\u00fa hajt\u00e1srendszer\u0171, oszlopos n\u00f6veked\u00e9s\u0171 lombhullat\u00f3 cserje. Sz\u00e1rain apr\u00f3 t\u00fcsk\u00e9k vannak. Levele s\u00e1rga- arany sz\u00ednekben pomp\u00e1zik. Vir\u00e1ga apr\u00f3, s\u00e1rga, \u00e1prilis- m\u00e1jusban ny\u00edlik, majd piros hossz\u00fak\u00e1s bogy\u00f3term\u00e9s k\u00f6veti. Napos helyre \u00fcltess\u00fck, mert az \u00e1rny\u00e9kban p\u00e1r nap alatt elveszti l\u00e1tv\u00e1nyos sz\u00edn\u00e9t. Talajban a [&hellip;]<\/p>\n","protected":false},"featured_media":2422,"comment_status":"open","ping_status":"closed","template":"","meta":{"_monsterinsights_skip_tracking":false,"_monsterinsights_sitenote_active":false,"_monsterinsights_sitenote_note":"","_monsterinsights_sitenote_category":0},"product_brand":[],"product_cat":[26],"product_tag":[307,229,181,67],"class_list":{"0":"post-2481","1":"product","2":"type-product","3":"status-publish","4":"has-post-thumbnail","6":"product_cat-cserjek-bokrok","7":"product_tag-borbolya","8":"product_tag-cserje","9":"product_tag-oszlopos","10":"product_tag-sarga","12":"first","13":"outofstock","14":"taxable","15":"shipping-taxable","16":"purchasable","17":"product-type-simple"},"aioseo_notices":[],"_links":{"self":[{"href":"https:\/\/szel-pasztorkerteszet.hu\/index.php?rest_route=\/wp\/v2\/product\/2481","targetHints":{"allow":["GET"]}}],"collection":[{"href":"https:\/\/szel-pasztorkerteszet.hu\/index.php?rest_route=\/wp\/v2\/product"}],"about":[{"href":"https:\/\/szel-pasztorkerteszet.hu\/index.php?rest_route=\/wp\/v2\/types\/product"}],"replies":[{"embeddable":true,"href":"https:\/\/szel-pasztorkerteszet.hu\/index.php?rest_route=%2Fwp%2Fv2%2Fcomments&post=2481"}],"wp:featuredmedia":[{"embeddable":true,"href":"https:\/\/szel-pasztorkerteszet.hu\/index.php?rest_route=\/wp\/v2\/media\/2422"}],"wp:attachment":[{"href":"https:\/\/szel-pasztorkerteszet.hu\/index.php?rest_route=%2Fwp%2Fv2%2Fmedia&parent=2481"}],"wp:term":[{"taxonomy":"product_brand","embeddable":true,"href":"https:\/\/szel-pasztorkerteszet.hu\/index.php?rest_route=%2Fwp%2Fv2%2Fproduct_brand&post=2481"},{"taxonomy":"product_cat","embeddable":true,"href":"https:\/\/szel-pasztorkerteszet.hu\/index.php?rest_route=%2Fwp%2Fv2%2Fproduct_cat&post=2481"},{"taxonomy":"product_tag","embeddable":true,"href":"https:\/\/szel-pasztorkerteszet.hu\/index.php?rest_route=%2Fwp%2Fv2%2Fproduct_tag&post=2481"}],"curies":[{"name":"wp","href":"https:\/\/api.w.org\/{rel}","templated":true}]}}