{"id":2548,"date":"2022-03-03T20:08:23","date_gmt":"2022-03-03T20:08:23","guid":{"rendered":"https:\/\/szel-pasztorkerteszet.hu\/?post_type=product&#038;p=2548"},"modified":"2026-03-08T17:52:04","modified_gmt":"2026-03-08T17:52:04","slug":"cotoneaster-hybrid-bella-szonyeg-madarbirs","status":"publish","type":"product","link":"https:\/\/szel-pasztorkerteszet.hu\/?product=cotoneaster-hybrid-bella-szonyeg-madarbirs","title":{"rendered":"Cotoneaster dammeri &#8216;Eichholz&#8217;\/ Sz\u0151nyeg mad\u00e1rbirs"},"content":{"rendered":"<p>Cotoneaster dammeri &#8216;Eichholz&#8217;- Sz\u0151nyeg mad\u00e1rbirs<\/p>\n<p>&nbsp;<\/p>\n<p>20-30 cm magas, talajon elfekv\u0151, gyors n\u00f6veked\u00e9s\u0171, cserje. Lombja f\u00e9nyes, ov\u00e1lis, \u00f6r\u00f6kz\u00f6ld levelekb\u0151l \u00e1ll. Apr\u00f3 vir\u00e1gai feh\u00e9rek, m\u00e1jus- j\u00faniusban ny\u00edlnak. Term\u00e9se s\u00f6t\u00e9tpiros bogy\u00f3. Napra vagy f\u00e9l\u00e1rny\u00e9kba \u00fcltess\u00fck, talajban nem v\u00e1logat. J\u00f3l b\u00edrja a sz\u00e1razs\u00e1got. Ide\u00e1lis talajtakar\u00f3 r\u00e9zs\u0171re, \u00fcltethet\u0151 t\u00e1mfalba vagy agyagos, szikl\u00e1s talajokra.<\/p>\n<p>A term\u00e9ket 2L-es kont\u00e9nerben sz\u00e1ll\u00edtjuk!<\/p>\n<p>&nbsp;<\/p>\n<p>&nbsp;<\/p>\n","protected":false},"excerpt":{"rendered":"<p>Cotoneaster dammeri &#8216;Eichholz&#8217;- Sz\u0151nyeg mad\u00e1rbirs &nbsp; 20-30 cm magas, talajon elfekv\u0151, gyors n\u00f6veked\u00e9s\u0171, cserje. Lombja f\u00e9nyes, ov\u00e1lis, \u00f6r\u00f6kz\u00f6ld levelekb\u0151l \u00e1ll. Apr\u00f3 vir\u00e1gai feh\u00e9rek, m\u00e1jus- j\u00faniusban ny\u00edlnak. Term\u00e9se s\u00f6t\u00e9tpiros bogy\u00f3. Napra vagy f\u00e9l\u00e1rny\u00e9kba \u00fcltess\u00fck, talajban nem v\u00e1logat. J\u00f3l b\u00edrja a sz\u00e1razs\u00e1got. Ide\u00e1lis talajtakar\u00f3 r\u00e9zs\u0171re, \u00fcltethet\u0151 t\u00e1mfalba vagy agyagos, szikl\u00e1s talajokra. A term\u00e9ket 2L-es kont\u00e9nerben sz\u00e1ll\u00edtjuk! &nbsp; [&hellip;]<\/p>\n","protected":false},"featured_media":2503,"comment_status":"open","ping_status":"closed","template":"","meta":{"_monsterinsights_skip_tracking":false,"_monsterinsights_sitenote_active":false,"_monsterinsights_sitenote_note":"","_monsterinsights_sitenote_category":0},"product_brand":[],"product_cat":[26,29,34,35],"product_tag":[315,184,89],"class_list":{"0":"post-2548","1":"product","2":"type-product","3":"status-publish","4":"has-post-thumbnail","6":"product_cat-cserjek-bokrok","7":"product_cat-kuszo-novenyek","8":"product_cat-orokzold-novenyek","9":"product_cat-sziklakerti-novenyek","10":"product_tag-madarbirs","11":"product_tag-rezsu","12":"product_tag-talajtakaro","14":"first","15":"instock","16":"taxable","17":"shipping-taxable","18":"purchasable","19":"product-type-simple"},"aioseo_notices":[],"_links":{"self":[{"href":"https:\/\/szel-pasztorkerteszet.hu\/index.php?rest_route=\/wp\/v2\/product\/2548","targetHints":{"allow":["GET"]}}],"collection":[{"href":"https:\/\/szel-pasztorkerteszet.hu\/index.php?rest_route=\/wp\/v2\/product"}],"about":[{"href":"https:\/\/szel-pasztorkerteszet.hu\/index.php?rest_route=\/wp\/v2\/types\/product"}],"replies":[{"embeddable":true,"href":"https:\/\/szel-pasztorkerteszet.hu\/index.php?rest_route=%2Fwp%2Fv2%2Fcomments&post=2548"}],"wp:featuredmedia":[{"embeddable":true,"href":"https:\/\/szel-pasztorkerteszet.hu\/index.php?rest_route=\/wp\/v2\/media\/2503"}],"wp:attachment":[{"href":"https:\/\/szel-pasztorkerteszet.hu\/index.php?rest_route=%2Fwp%2Fv2%2Fmedia&parent=2548"}],"wp:term":[{"taxonomy":"product_brand","embeddable":true,"href":"https:\/\/szel-pasztorkerteszet.hu\/index.php?rest_route=%2Fwp%2Fv2%2Fproduct_brand&post=2548"},{"taxonomy":"product_cat","embeddable":true,"href":"https:\/\/szel-pasztorkerteszet.hu\/index.php?rest_route=%2Fwp%2Fv2%2Fproduct_cat&post=2548"},{"taxonomy":"product_tag","embeddable":true,"href":"https:\/\/szel-pasztorkerteszet.hu\/index.php?rest_route=%2Fwp%2Fv2%2Fproduct_tag&post=2548"}],"curies":[{"name":"wp","href":"https:\/\/api.w.org\/{rel}","templated":true}]}}