{"id":2639,"date":"2022-03-05T10:28:31","date_gmt":"2022-03-05T10:28:31","guid":{"rendered":"https:\/\/szel-pasztorkerteszet.hu\/?post_type=product&#038;p=2639"},"modified":"2026-03-08T16:13:57","modified_gmt":"2026-03-08T16:13:57","slug":"diervilla-sessilifolia-butterfly-kenszinu-sargalonc","status":"publish","type":"product","link":"https:\/\/szel-pasztorkerteszet.hu\/?product=diervilla-sessilifolia-butterfly-kenszinu-sargalonc","title":{"rendered":"Diervilla sessilifolia &#8216;Butterfly&#8217;\/ K\u00e9nsz\u00edn\u0171 s\u00e1rgalonc"},"content":{"rendered":"<p>Diervilla sessilifolia &#8216;Butterfly&#8217;- K\u00e9nsz\u00edn\u0171 s\u00e1rgalonc<\/p>\n<p>1,5 m magasra n\u00f6v\u0151, sz\u00e9tter\u00fcl\u0151, lombhullat\u00f3 cserje. Levelei f\u00e9nyesz\u00f6ldek, \u0151sszel v\u00f6r\u00f6ses \u00e1rnyalat\u00faak. M\u00e1jus- j\u00faniusban ny\u00edlnak k\u00e9ns\u00e1rga vir\u00e1gai. \u00c1gai barn\u00e1spirosak. Napos, f\u00e9l\u00e1rny\u00e9kos helyre, t\u00e1panyagban gazdag talajba \u00fcltess\u00fck. \u00dcltethet\u0151, cserje csoportokba \u00e9s szoliternek is.<\/p>\n<p>A term\u00e9ket 2 Literes cser\u00e9pben, 40\/60-as m\u00e9retben sz\u00e1ll\u00edtjuk!<\/p>\n","protected":false},"excerpt":{"rendered":"<p>Diervilla sessilifolia &#8216;Butterfly&#8217;- K\u00e9nsz\u00edn\u0171 s\u00e1rgalonc 1,5 m magasra n\u00f6v\u0151, sz\u00e9tter\u00fcl\u0151, lombhullat\u00f3 cserje. Levelei f\u00e9nyesz\u00f6ldek, \u0151sszel v\u00f6r\u00f6ses \u00e1rnyalat\u00faak. M\u00e1jus- j\u00faniusban ny\u00edlnak k\u00e9ns\u00e1rga vir\u00e1gai. \u00c1gai barn\u00e1spirosak. Napos, f\u00e9l\u00e1rny\u00e9kos helyre, t\u00e1panyagban gazdag talajba \u00fcltess\u00fck. \u00dcltethet\u0151, cserje csoportokba \u00e9s szoliternek is. A term\u00e9ket 2 Literes cser\u00e9pben, 40\/60-as m\u00e9retben sz\u00e1ll\u00edtjuk!<\/p>\n","protected":false},"featured_media":2635,"comment_status":"open","ping_status":"closed","template":"","meta":{"_monsterinsights_skip_tracking":false,"_monsterinsights_sitenote_active":false,"_monsterinsights_sitenote_note":"","_monsterinsights_sitenote_category":0},"product_brand":[],"product_cat":[26],"product_tag":[229,313,743,67],"class_list":{"0":"post-2639","1":"product","2":"type-product","3":"status-publish","4":"has-post-thumbnail","6":"product_cat-cserjek-bokrok","7":"product_tag-cserje","8":"product_tag-lonc","9":"product_tag-mezelo-lonc","10":"product_tag-sarga","12":"first","13":"instock","14":"taxable","15":"shipping-taxable","16":"purchasable","17":"product-type-simple"},"aioseo_notices":[],"_links":{"self":[{"href":"https:\/\/szel-pasztorkerteszet.hu\/index.php?rest_route=\/wp\/v2\/product\/2639","targetHints":{"allow":["GET"]}}],"collection":[{"href":"https:\/\/szel-pasztorkerteszet.hu\/index.php?rest_route=\/wp\/v2\/product"}],"about":[{"href":"https:\/\/szel-pasztorkerteszet.hu\/index.php?rest_route=\/wp\/v2\/types\/product"}],"replies":[{"embeddable":true,"href":"https:\/\/szel-pasztorkerteszet.hu\/index.php?rest_route=%2Fwp%2Fv2%2Fcomments&post=2639"}],"wp:featuredmedia":[{"embeddable":true,"href":"https:\/\/szel-pasztorkerteszet.hu\/index.php?rest_route=\/wp\/v2\/media\/2635"}],"wp:attachment":[{"href":"https:\/\/szel-pasztorkerteszet.hu\/index.php?rest_route=%2Fwp%2Fv2%2Fmedia&parent=2639"}],"wp:term":[{"taxonomy":"product_brand","embeddable":true,"href":"https:\/\/szel-pasztorkerteszet.hu\/index.php?rest_route=%2Fwp%2Fv2%2Fproduct_brand&post=2639"},{"taxonomy":"product_cat","embeddable":true,"href":"https:\/\/szel-pasztorkerteszet.hu\/index.php?rest_route=%2Fwp%2Fv2%2Fproduct_cat&post=2639"},{"taxonomy":"product_tag","embeddable":true,"href":"https:\/\/szel-pasztorkerteszet.hu\/index.php?rest_route=%2Fwp%2Fv2%2Fproduct_tag&post=2639"}],"curies":[{"name":"wp","href":"https:\/\/api.w.org\/{rel}","templated":true}]}}