{"id":3177,"date":"2022-03-12T05:34:33","date_gmt":"2022-03-12T05:34:33","guid":{"rendered":"https:\/\/szel-pasztorkerteszet.hu\/?post_type=product&#038;p=3177"},"modified":"2026-03-08T15:32:32","modified_gmt":"2026-03-08T15:32:32","slug":"ceratostigma-plumbaginoides-tarackolo-kekgyoker","status":"publish","type":"product","link":"https:\/\/szel-pasztorkerteszet.hu\/?product=ceratostigma-plumbaginoides-tarackolo-kekgyoker","title":{"rendered":"Ceratostigma plumbaginoides\/ Tarackol\u00f3 k\u00e9kgy\u00f6k\u00e9r"},"content":{"rendered":"<p>Ceratostigma plumbaginoides- Tarackol\u00f3 k\u00e9kgy\u00f6k\u00e9r<\/p>\n<p>20-30 cm magas, tarackokkal terjed\u0151 \u00e9vel\u0151. Tavasszal el\u00e9g k\u00e9s\u0151n hajt ki, de ny\u00e1rra m\u00e1r t\u00f6m\u00f6tt sz\u0151nyeget nevel. Levelei ny\u00e1ron z\u00f6ldek, \u0151sszel piros- narancs \u00e1rnyalat\u00faak lesznek. Vir\u00e1gai \u00e9gk\u00e9k sz\u00edn\u0171ek augusztust\u00f3l- okt\u00f3berig ny\u00edlnak. Napos, f\u00e9l\u00e1rny\u00e9kos helyre \u00fcltess\u00fck, talajba nem v\u00e1logat. K\u00f6zepes v\u00edzig\u00e9ny\u0171 n\u00f6v\u00e9ny. \u00dcltethetj\u00fck sziklakertbe, vegyes \u00e9vel\u0151 \u00e1gy\u00e1sokba \u00e9s haszn\u00e1lhatjuk talajtakar\u00e1sra is.<\/p>\n<p>A term\u00e9ket 9&#215;9 cm-es cser\u00e9pben sz\u00e1ll\u00edtjuk!<\/p>\n","protected":false},"excerpt":{"rendered":"<p>Ceratostigma plumbaginoides- Tarackol\u00f3 k\u00e9kgy\u00f6k\u00e9r 20-30 cm magas, tarackokkal terjed\u0151 \u00e9vel\u0151. Tavasszal el\u00e9g k\u00e9s\u0151n hajt ki, de ny\u00e1rra m\u00e1r t\u00f6m\u00f6tt sz\u0151nyeget nevel. Levelei ny\u00e1ron z\u00f6ldek, \u0151sszel piros- narancs \u00e1rnyalat\u00faak lesznek. Vir\u00e1gai \u00e9gk\u00e9k sz\u00edn\u0171ek augusztust\u00f3l- okt\u00f3berig ny\u00edlnak. Napos, f\u00e9l\u00e1rny\u00e9kos helyre \u00fcltess\u00fck, talajba nem v\u00e1logat. K\u00f6zepes v\u00edzig\u00e9ny\u0171 n\u00f6v\u00e9ny. \u00dcltethetj\u00fck sziklakertbe, vegyes \u00e9vel\u0151 \u00e1gy\u00e1sokba \u00e9s haszn\u00e1lhatjuk talajtakar\u00e1sra is. A [&hellip;]<\/p>\n","protected":false},"featured_media":5040,"comment_status":"open","ping_status":"closed","template":"","meta":{"_monsterinsights_skip_tracking":false,"_monsterinsights_sitenote_active":false,"_monsterinsights_sitenote_note":"","_monsterinsights_sitenote_category":0},"product_brand":[],"product_cat":[21,35],"product_tag":[63,422,89],"class_list":{"0":"post-3177","1":"product","2":"type-product","3":"status-publish","4":"has-post-thumbnail","6":"product_cat-evelo-novenyek","7":"product_cat-sziklakerti-novenyek","8":"product_tag-kek","9":"product_tag-kekgyoker","10":"product_tag-talajtakaro","12":"first","13":"instock","14":"taxable","15":"shipping-taxable","16":"purchasable","17":"product-type-simple"},"aioseo_notices":[],"_links":{"self":[{"href":"https:\/\/szel-pasztorkerteszet.hu\/index.php?rest_route=\/wp\/v2\/product\/3177","targetHints":{"allow":["GET"]}}],"collection":[{"href":"https:\/\/szel-pasztorkerteszet.hu\/index.php?rest_route=\/wp\/v2\/product"}],"about":[{"href":"https:\/\/szel-pasztorkerteszet.hu\/index.php?rest_route=\/wp\/v2\/types\/product"}],"replies":[{"embeddable":true,"href":"https:\/\/szel-pasztorkerteszet.hu\/index.php?rest_route=%2Fwp%2Fv2%2Fcomments&post=3177"}],"wp:featuredmedia":[{"embeddable":true,"href":"https:\/\/szel-pasztorkerteszet.hu\/index.php?rest_route=\/wp\/v2\/media\/5040"}],"wp:attachment":[{"href":"https:\/\/szel-pasztorkerteszet.hu\/index.php?rest_route=%2Fwp%2Fv2%2Fmedia&parent=3177"}],"wp:term":[{"taxonomy":"product_brand","embeddable":true,"href":"https:\/\/szel-pasztorkerteszet.hu\/index.php?rest_route=%2Fwp%2Fv2%2Fproduct_brand&post=3177"},{"taxonomy":"product_cat","embeddable":true,"href":"https:\/\/szel-pasztorkerteszet.hu\/index.php?rest_route=%2Fwp%2Fv2%2Fproduct_cat&post=3177"},{"taxonomy":"product_tag","embeddable":true,"href":"https:\/\/szel-pasztorkerteszet.hu\/index.php?rest_route=%2Fwp%2Fv2%2Fproduct_tag&post=3177"}],"curies":[{"name":"wp","href":"https:\/\/api.w.org\/{rel}","templated":true}]}}