{"id":4161,"date":"2022-10-01T10:29:31","date_gmt":"2022-10-01T10:29:31","guid":{"rendered":"https:\/\/szel-pasztorkerteszet.hu\/?post_type=product&#038;p=4161"},"modified":"2026-03-08T14:28:07","modified_gmt":"2026-03-08T14:28:07","slug":"robinia-pseudoacacia-umbraculifera-gombakac","status":"publish","type":"product","link":"https:\/\/szel-pasztorkerteszet.hu\/?product=robinia-pseudoacacia-umbraculifera-gombakac","title":{"rendered":"Robinia pseudoacacia &#8216;Umbraculifera&#8217;\/ G\u00f6mbak\u00e1c"},"content":{"rendered":"<p>Robinia pseudoacacia &#8216;Umbraculifera&#8217;- G\u00f6mbak\u00e1c<\/p>\n<p>2- 2,2 m\u00e9ter magas t\u00f6rzsre oltott, szab\u00e1lyos g\u00f6mbkoron\u00e1j\u00fa fa. Koron\u00e1ja 3-4 m sz\u00e9lesre n\u0151. Vir\u00e1gai \u00e9s t\u00fcsk\u00e9i nincsenek. Kiv\u00e1l\u00f3 sz\u00e1razs\u00e1gt\u0171r\u0151, talajban sem v\u00e1logat. \u00dcltethetj\u00fck sorf\u00e1nak vagy szoliterk\u00e9nt is.<\/p>\n<p>T\u00e9l\u00e1ll\u00f3s\u00e1gi z\u00f3na: 5a -28,9C<\/p>\n<p>A n\u00f6v\u00e9ny m\u00e9rete miatt postai \u00faton nem sz\u00e1ll\u00edthat\u00f3!<\/p>\n<p>30L-es kont\u00e9nerben 240\/260 cm, Tm: 10\/12<\/p>\n<p>Kiz\u00e1r\u00f3lag kert\u00e9szeti \u00e1tv\u00e9tellel vagy saj\u00e1t aut\u00f3s kisz\u00e1ll\u00edt\u00e1ssal rendelhet\u0151!<\/p>\n","protected":false},"excerpt":{"rendered":"<p>Robinia pseudoacacia &#8216;Umbraculifera&#8217;- G\u00f6mbak\u00e1c 2- 2,2 m\u00e9ter magas t\u00f6rzsre oltott, szab\u00e1lyos g\u00f6mbkoron\u00e1j\u00fa fa. Koron\u00e1ja 3-4 m sz\u00e9lesre n\u0151. Vir\u00e1gai \u00e9s t\u00fcsk\u00e9i nincsenek. Kiv\u00e1l\u00f3 sz\u00e1razs\u00e1gt\u0171r\u0151, talajban sem v\u00e1logat. \u00dcltethetj\u00fck sorf\u00e1nak vagy szoliterk\u00e9nt is. T\u00e9l\u00e1ll\u00f3s\u00e1gi z\u00f3na: 5a -28,9C A n\u00f6v\u00e9ny m\u00e9rete miatt postai \u00faton nem sz\u00e1ll\u00edthat\u00f3! 30L-es kont\u00e9nerben 240\/260 cm, Tm: 10\/12 Kiz\u00e1r\u00f3lag kert\u00e9szeti \u00e1tv\u00e9tellel vagy saj\u00e1t [&hellip;]<\/p>\n","protected":false},"featured_media":4154,"comment_status":"open","ping_status":"closed","template":"","meta":{"_monsterinsights_skip_tracking":false,"_monsterinsights_sitenote_active":false,"_monsterinsights_sitenote_note":"","_monsterinsights_sitenote_category":0},"product_brand":[],"product_cat":[38,33],"product_tag":[504,241,503],"class_list":{"0":"post-4161","1":"product","2":"type-product","3":"status-publish","4":"has-post-thumbnail","6":"product_cat-diszfak","7":"product_cat-formara-nyirt-novenyek","8":"product_tag-akac","9":"product_tag-diszfa","10":"product_tag-gombakac","12":"first","13":"instock","14":"taxable","15":"shipping-taxable","16":"purchasable","17":"product-type-simple"},"aioseo_notices":[],"_links":{"self":[{"href":"https:\/\/szel-pasztorkerteszet.hu\/index.php?rest_route=\/wp\/v2\/product\/4161","targetHints":{"allow":["GET"]}}],"collection":[{"href":"https:\/\/szel-pasztorkerteszet.hu\/index.php?rest_route=\/wp\/v2\/product"}],"about":[{"href":"https:\/\/szel-pasztorkerteszet.hu\/index.php?rest_route=\/wp\/v2\/types\/product"}],"replies":[{"embeddable":true,"href":"https:\/\/szel-pasztorkerteszet.hu\/index.php?rest_route=%2Fwp%2Fv2%2Fcomments&post=4161"}],"wp:featuredmedia":[{"embeddable":true,"href":"https:\/\/szel-pasztorkerteszet.hu\/index.php?rest_route=\/wp\/v2\/media\/4154"}],"wp:attachment":[{"href":"https:\/\/szel-pasztorkerteszet.hu\/index.php?rest_route=%2Fwp%2Fv2%2Fmedia&parent=4161"}],"wp:term":[{"taxonomy":"product_brand","embeddable":true,"href":"https:\/\/szel-pasztorkerteszet.hu\/index.php?rest_route=%2Fwp%2Fv2%2Fproduct_brand&post=4161"},{"taxonomy":"product_cat","embeddable":true,"href":"https:\/\/szel-pasztorkerteszet.hu\/index.php?rest_route=%2Fwp%2Fv2%2Fproduct_cat&post=4161"},{"taxonomy":"product_tag","embeddable":true,"href":"https:\/\/szel-pasztorkerteszet.hu\/index.php?rest_route=%2Fwp%2Fv2%2Fproduct_tag&post=4161"}],"curies":[{"name":"wp","href":"https:\/\/api.w.org\/{rel}","templated":true}]}}