{"id":4350,"date":"2023-02-15T16:27:57","date_gmt":"2023-02-15T16:27:57","guid":{"rendered":"https:\/\/szel-pasztorkerteszet.hu\/?post_type=product&#038;p=4350"},"modified":"2026-03-08T14:21:12","modified_gmt":"2026-03-08T14:21:12","slug":"sedum-sieboldii-oktoberi-varjuhaj","status":"publish","type":"product","link":"https:\/\/szel-pasztorkerteszet.hu\/?product=sedum-sieboldii-oktoberi-varjuhaj","title":{"rendered":"Sedum sieboldii &#8216;Bright Pink&#8217;\/ Okt\u00f3beri varj\u00fah\u00e1j"},"content":{"rendered":"<p>Sedum sieboldii &#8216;Bright Pink&#8217;- Okt\u00f3beri varj\u00fah\u00e1j<\/p>\n<p>Gyakran okt\u00f3berk\u00e9nek nevezett, kedvelt varj\u00fah\u00e1j f\u00e9le. Magass\u00e1ga 15- 20 cm, hajt\u00e1srendszere sugarasan sz\u00e9t\u00e1ll\u00f3. Levelei h\u00fasosak, kerekek. Vir\u00e1gai csillag alak\u00faak, r\u00f3zsasz\u00ednek, szeptembert\u0151l- novemberig ny\u00edlnak. Levelei \u0151sszel, a hideg bek\u00f6sz\u00f6nt\u00e9vel, fokozatosan r\u00f3zsasz\u00ednes \u00e1rnyalat\u00fav\u00e1 v\u00e1lnak. Rendk\u00edv\u00fcl j\u00f3 sz\u00e1razs\u00e1gt\u0171r\u0151 n\u00f6v\u00e9ny. Napos helyre, sov\u00e1nyabb talajba \u00fcltess\u00fck. J\u00f3l mutat sziklakertbe, ed\u00e9nybe, kasp\u00f3ba.<\/p>\n<p>A term\u00e9ket 9&#215;9 cm-es cser\u00e9pben sz\u00e1ll\u00edtjuk!<\/p>\n","protected":false},"excerpt":{"rendered":"<p>Sedum sieboldii &#8216;Bright Pink&#8217;- Okt\u00f3beri varj\u00fah\u00e1j Gyakran okt\u00f3berk\u00e9nek nevezett, kedvelt varj\u00fah\u00e1j f\u00e9le. Magass\u00e1ga 15- 20 cm, hajt\u00e1srendszere sugarasan sz\u00e9t\u00e1ll\u00f3. Levelei h\u00fasosak, kerekek. Vir\u00e1gai csillag alak\u00faak, r\u00f3zsasz\u00ednek, szeptembert\u0151l- novemberig ny\u00edlnak. Levelei \u0151sszel, a hideg bek\u00f6sz\u00f6nt\u00e9vel, fokozatosan r\u00f3zsasz\u00ednes \u00e1rnyalat\u00fav\u00e1 v\u00e1lnak. Rendk\u00edv\u00fcl j\u00f3 sz\u00e1razs\u00e1gt\u0171r\u0151 n\u00f6v\u00e9ny. Napos helyre, sov\u00e1nyabb talajba \u00fcltess\u00fck. J\u00f3l mutat sziklakertbe, ed\u00e9nybe, kasp\u00f3ba. A term\u00e9ket 9&#215;9 [&hellip;]<\/p>\n","protected":false},"featured_media":4336,"comment_status":"open","ping_status":"closed","template":"","meta":{"_monsterinsights_skip_tracking":false,"_monsterinsights_sitenote_active":false,"_monsterinsights_sitenote_note":"","_monsterinsights_sitenote_category":0},"product_brand":[],"product_cat":[21,35],"product_tag":[512,53,52,424],"class_list":{"0":"post-4350","1":"product","2":"type-product","3":"status-publish","4":"has-post-thumbnail","6":"product_cat-evelo-novenyek","7":"product_cat-sziklakerti-novenyek","8":"product_tag-oktoberke","9":"product_tag-szarazsag","10":"product_tag-sziklakert","11":"product_tag-varjuhaj","13":"first","14":"instock","15":"taxable","16":"shipping-taxable","17":"purchasable","18":"product-type-simple"},"aioseo_notices":[],"_links":{"self":[{"href":"https:\/\/szel-pasztorkerteszet.hu\/index.php?rest_route=\/wp\/v2\/product\/4350","targetHints":{"allow":["GET"]}}],"collection":[{"href":"https:\/\/szel-pasztorkerteszet.hu\/index.php?rest_route=\/wp\/v2\/product"}],"about":[{"href":"https:\/\/szel-pasztorkerteszet.hu\/index.php?rest_route=\/wp\/v2\/types\/product"}],"replies":[{"embeddable":true,"href":"https:\/\/szel-pasztorkerteszet.hu\/index.php?rest_route=%2Fwp%2Fv2%2Fcomments&post=4350"}],"wp:featuredmedia":[{"embeddable":true,"href":"https:\/\/szel-pasztorkerteszet.hu\/index.php?rest_route=\/wp\/v2\/media\/4336"}],"wp:attachment":[{"href":"https:\/\/szel-pasztorkerteszet.hu\/index.php?rest_route=%2Fwp%2Fv2%2Fmedia&parent=4350"}],"wp:term":[{"taxonomy":"product_brand","embeddable":true,"href":"https:\/\/szel-pasztorkerteszet.hu\/index.php?rest_route=%2Fwp%2Fv2%2Fproduct_brand&post=4350"},{"taxonomy":"product_cat","embeddable":true,"href":"https:\/\/szel-pasztorkerteszet.hu\/index.php?rest_route=%2Fwp%2Fv2%2Fproduct_cat&post=4350"},{"taxonomy":"product_tag","embeddable":true,"href":"https:\/\/szel-pasztorkerteszet.hu\/index.php?rest_route=%2Fwp%2Fv2%2Fproduct_tag&post=4350"}],"curies":[{"name":"wp","href":"https:\/\/api.w.org\/{rel}","templated":true}]}}