{"id":4676,"date":"2023-05-16T09:53:17","date_gmt":"2023-05-16T09:53:17","guid":{"rendered":"https:\/\/szel-pasztorkerteszet.hu\/?post_type=product&#038;p=4676"},"modified":"2026-04-11T08:41:51","modified_gmt":"2026-04-11T08:41:51","slug":"lysimachia-nummularia-goldilocks-penzlevelu-lizinka","status":"publish","type":"product","link":"https:\/\/szel-pasztorkerteszet.hu\/?product=lysimachia-nummularia-goldilocks-penzlevelu-lizinka","title":{"rendered":"Lysimachia nummularia &#8216;Aurea&#8217;\/ P\u00e9nzlevel\u0171 lizinka"},"content":{"rendered":"<p>Lysimachia nummularia &#8216;Aurea&#8217;- P\u00e9nzlevel\u0171 lizinka<\/p>\n<p>Hever\u0151 sz\u00e1r\u00fa, \u00f6r\u00f6kz\u00f6ld k\u00fasz\u00f3n\u00f6v\u00e9ny, melynek hajt\u00e1sai ak\u00e1r 50 cm hossz\u00faak is lehetnek. Sz\u0151nyegszer\u0171en bebor\u00edtja a talajt, ezzel megakad\u00e1lyozza a gyomok terjed\u00e9s\u00e9t. Levelei \u00e9l\u00e9nk s\u00e1rg\u00e1sz\u00f6ldek, kerekdedek. L\u00e1tv\u00e1nyos s\u00e1rga vir\u00e1gai m\u00e1just\u00f3l a fagyokig ny\u00edlnak. Az \u00e1rny\u00e9kos, nedves ter\u00fcleteket kedveli, de \u00fcltethet\u0151 naposabb r\u00e9szekre is. \u00dcltethet\u0151 talajtakar\u00f3k\u00e9nt, k\u0151falak tetej\u00e9re, ed\u00e9nybe vagy sek\u00e9ly v\u00edzbe is. A sz\u00e1razs\u00e1got nem t\u0171ri!<\/p>\n<p>A term\u00e9ket 10,5 cm-es cser\u00e9pben sz\u00e1ll\u00edtjuk!<\/p>\n","protected":false},"excerpt":{"rendered":"<p>Lysimachia nummularia &#8216;Aurea&#8217;- P\u00e9nzlevel\u0171 lizinka Hever\u0151 sz\u00e1r\u00fa, \u00f6r\u00f6kz\u00f6ld k\u00fasz\u00f3n\u00f6v\u00e9ny, melynek hajt\u00e1sai ak\u00e1r 50 cm hossz\u00faak is lehetnek. Sz\u0151nyegszer\u0171en bebor\u00edtja a talajt, ezzel megakad\u00e1lyozza a gyomok terjed\u00e9s\u00e9t. Levelei \u00e9l\u00e9nk s\u00e1rg\u00e1sz\u00f6ldek, kerekdedek. L\u00e1tv\u00e1nyos s\u00e1rga vir\u00e1gai m\u00e1just\u00f3l a fagyokig ny\u00edlnak. Az \u00e1rny\u00e9kos, nedves ter\u00fcleteket kedveli, de \u00fcltethet\u0151 naposabb r\u00e9szekre is. \u00dcltethet\u0151 talajtakar\u00f3k\u00e9nt, k\u0151falak tetej\u00e9re, ed\u00e9nybe vagy sek\u00e9ly v\u00edzbe [&hellip;]<\/p>\n","protected":false},"featured_media":4643,"comment_status":"open","ping_status":"closed","template":"","meta":{"_monsterinsights_skip_tracking":false,"_monsterinsights_sitenote_active":false,"_monsterinsights_sitenote_note":"","_monsterinsights_sitenote_category":0},"product_brand":[],"product_cat":[19,21,29,34],"product_tag":[57,528,73],"class_list":{"0":"post-4676","1":"product","2":"type-product","3":"status-publish","4":"has-post-thumbnail","6":"product_cat-arnyekkedvelo-novenyek","7":"product_cat-evelo-novenyek","8":"product_cat-kuszo-novenyek","9":"product_cat-orokzold-novenyek","10":"product_tag-arnyek","11":"product_tag-lizinka","12":"product_tag-viz","14":"first","15":"instock","16":"taxable","17":"shipping-taxable","18":"purchasable","19":"product-type-simple"},"aioseo_notices":[],"_links":{"self":[{"href":"https:\/\/szel-pasztorkerteszet.hu\/index.php?rest_route=\/wp\/v2\/product\/4676","targetHints":{"allow":["GET"]}}],"collection":[{"href":"https:\/\/szel-pasztorkerteszet.hu\/index.php?rest_route=\/wp\/v2\/product"}],"about":[{"href":"https:\/\/szel-pasztorkerteszet.hu\/index.php?rest_route=\/wp\/v2\/types\/product"}],"replies":[{"embeddable":true,"href":"https:\/\/szel-pasztorkerteszet.hu\/index.php?rest_route=%2Fwp%2Fv2%2Fcomments&post=4676"}],"wp:featuredmedia":[{"embeddable":true,"href":"https:\/\/szel-pasztorkerteszet.hu\/index.php?rest_route=\/wp\/v2\/media\/4643"}],"wp:attachment":[{"href":"https:\/\/szel-pasztorkerteszet.hu\/index.php?rest_route=%2Fwp%2Fv2%2Fmedia&parent=4676"}],"wp:term":[{"taxonomy":"product_brand","embeddable":true,"href":"https:\/\/szel-pasztorkerteszet.hu\/index.php?rest_route=%2Fwp%2Fv2%2Fproduct_brand&post=4676"},{"taxonomy":"product_cat","embeddable":true,"href":"https:\/\/szel-pasztorkerteszet.hu\/index.php?rest_route=%2Fwp%2Fv2%2Fproduct_cat&post=4676"},{"taxonomy":"product_tag","embeddable":true,"href":"https:\/\/szel-pasztorkerteszet.hu\/index.php?rest_route=%2Fwp%2Fv2%2Fproduct_tag&post=4676"}],"curies":[{"name":"wp","href":"https:\/\/api.w.org\/{rel}","templated":true}]}}