{"id":4953,"date":"2023-08-14T10:14:33","date_gmt":"2023-08-14T10:14:33","guid":{"rendered":"https:\/\/szel-pasztorkerteszet.hu\/?post_type=product&#038;p=4953"},"modified":"2026-03-12T08:29:13","modified_gmt":"2026-03-12T08:29:13","slug":"golden-delicious-reinders-alma","status":"publish","type":"product","link":"https:\/\/szel-pasztorkerteszet.hu\/?product=golden-delicious-reinders-alma","title":{"rendered":"Golden Delicious &#8216;Reinders&#8217; Alma"},"content":{"rendered":"<p>Golden Delicious &#8216;Reinders&#8217; Alma<\/p>\n<p>Hollandi\u00e1b\u00f3l sz\u00e1rmaz\u00f3 varasod\u00e1sra rezisztens s\u00e1rga sz\u00edn\u0171 almafajta.<\/p>\n<p>J\u00f3l term\u00e9keny\u00fcl, kor\u00e1n term\u0151re fordul. Porz\u00f3fajta sz\u00fcks\u00e9ges (G\u00e1la, Gloster).<\/p>\n<p>A Golden Delicioushoz k\u00e9pest a koron\u00e1ja kisebb, viszont a term\u0151k\u00e9pess\u00e9ge \u00e9s a gy\u00fcm\u00f6lcse nagyobb.<\/p>\n<p>\u00cdze \u00e9des, arom\u00e1s, l\u00e9d\u00fas, vitaminban gazdag.<\/p>\n<p>Szeptember v\u00e9g\u00e9n- Okt\u00f3ber elej\u00e9n \u00e9rik.<\/p>\n<p>Humuszban gazdag, j\u00f3 v\u00edzgazd\u00e1lkod\u00e1s\u00fa talajba \u00fcltess\u00fck.<\/p>\n<p>Alany: MM106<\/p>\n<p>Szabadgy\u00f6keres!<\/p>\n<p>Kiz\u00e1r\u00f3lag kert\u00e9szeti \u00e1tv\u00e9tellel vagy saj\u00e1t aut\u00f3s kisz\u00e1ll\u00edt\u00e1ssal k\u00e9rhet\u0151!<\/p>\n<p>V\u00e1rhat\u00f3 kisz\u00e1ll\u00edt\u00e1s: 2025 november!<\/p>\n","protected":false},"excerpt":{"rendered":"<p>Golden Delicious &#8216;Reinders&#8217; Alma Hollandi\u00e1b\u00f3l sz\u00e1rmaz\u00f3 varasod\u00e1sra rezisztens s\u00e1rga sz\u00edn\u0171 almafajta. J\u00f3l term\u00e9keny\u00fcl, kor\u00e1n term\u0151re fordul. Porz\u00f3fajta sz\u00fcks\u00e9ges (G\u00e1la, Gloster). A Golden Delicioushoz k\u00e9pest a koron\u00e1ja kisebb, viszont a term\u0151k\u00e9pess\u00e9ge \u00e9s a gy\u00fcm\u00f6lcse nagyobb. \u00cdze \u00e9des, arom\u00e1s, l\u00e9d\u00fas, vitaminban gazdag. Szeptember v\u00e9g\u00e9n- Okt\u00f3ber elej\u00e9n \u00e9rik. Humuszban gazdag, j\u00f3 v\u00edzgazd\u00e1lkod\u00e1s\u00fa talajba \u00fcltess\u00fck. Alany: MM106 Szabadgy\u00f6keres! Kiz\u00e1r\u00f3lag [&hellip;]<\/p>\n","protected":false},"featured_media":4952,"comment_status":"open","ping_status":"closed","template":"","meta":{"_monsterinsights_skip_tracking":false,"_monsterinsights_sitenote_active":false,"_monsterinsights_sitenote_note":"","_monsterinsights_sitenote_category":0},"product_brand":[],"product_cat":[376,28],"product_tag":[552,553,67],"class_list":{"0":"post-4953","1":"product","2":"type-product","3":"status-publish","4":"has-post-thumbnail","6":"product_cat-akcios-termekek","7":"product_cat-gyumolcstermok","8":"product_tag-alma","9":"product_tag-golden","10":"product_tag-sarga","12":"first","13":"outofstock","14":"sale","15":"taxable","16":"shipping-taxable","17":"purchasable","18":"product-type-simple"},"aioseo_notices":[],"_links":{"self":[{"href":"https:\/\/szel-pasztorkerteszet.hu\/index.php?rest_route=\/wp\/v2\/product\/4953","targetHints":{"allow":["GET"]}}],"collection":[{"href":"https:\/\/szel-pasztorkerteszet.hu\/index.php?rest_route=\/wp\/v2\/product"}],"about":[{"href":"https:\/\/szel-pasztorkerteszet.hu\/index.php?rest_route=\/wp\/v2\/types\/product"}],"replies":[{"embeddable":true,"href":"https:\/\/szel-pasztorkerteszet.hu\/index.php?rest_route=%2Fwp%2Fv2%2Fcomments&post=4953"}],"wp:featuredmedia":[{"embeddable":true,"href":"https:\/\/szel-pasztorkerteszet.hu\/index.php?rest_route=\/wp\/v2\/media\/4952"}],"wp:attachment":[{"href":"https:\/\/szel-pasztorkerteszet.hu\/index.php?rest_route=%2Fwp%2Fv2%2Fmedia&parent=4953"}],"wp:term":[{"taxonomy":"product_brand","embeddable":true,"href":"https:\/\/szel-pasztorkerteszet.hu\/index.php?rest_route=%2Fwp%2Fv2%2Fproduct_brand&post=4953"},{"taxonomy":"product_cat","embeddable":true,"href":"https:\/\/szel-pasztorkerteszet.hu\/index.php?rest_route=%2Fwp%2Fv2%2Fproduct_cat&post=4953"},{"taxonomy":"product_tag","embeddable":true,"href":"https:\/\/szel-pasztorkerteszet.hu\/index.php?rest_route=%2Fwp%2Fv2%2Fproduct_tag&post=4953"}],"curies":[{"name":"wp","href":"https:\/\/api.w.org\/{rel}","templated":true}]}}