{"id":5692,"date":"2024-03-07T17:26:00","date_gmt":"2024-03-07T17:26:00","guid":{"rendered":"https:\/\/szel-pasztorkerteszet.hu\/?post_type=product&#038;p=5692"},"modified":"2026-03-07T15:40:39","modified_gmt":"2026-03-07T15:40:39","slug":"syringa-vulgaris-sensation-tarka-szirmu-orgona","status":"publish","type":"product","link":"https:\/\/szel-pasztorkerteszet.hu\/?product=syringa-vulgaris-sensation-tarka-szirmu-orgona","title":{"rendered":"Syringa vulgaris &#8216;Sensation&#8217;\/ Tarka szirm\u00fa orgona"},"content":{"rendered":"<p>Syringa vulgaris \u2018Sensation\u2019- Tarka szirm\u00fa orgona<\/p>\n<p>3- 5 m magas lombhullat\u00f3 cserje. Lombja z\u00f6ld, fel\u00e9p\u00edt\u00e9se bokros. Vir\u00e1gai r\u00f3zsasz\u00ednek, v\u00e9kony ez\u00fcst szeg\u00e9llyel, nagy m\u00e9ret\u0171ek, \u00e1prilis- m\u00e1jusban ny\u00edlnak. Napos vagy f\u00e9l\u00e1rny\u00e9kos helyre \u00fcltess\u00fck, humuszban gazdag talajba. J\u00f3l t\u0171ri a sz\u00e1razs\u00e1got \u00e9s a v\u00e1rosi k\u00f6rnyezetet. Alkalmas szoliternek vagy s\u00f6v\u00e9nynek is. Gy\u00f6k\u00e9rnemesek, nem oltv\u00e1nyok, \u00edgy nem a vad alany hajt ki.<\/p>\n<p>T\u00e9l\u00e1ll\u00f3s\u00e1gi z\u00f3na: 3a -40C<\/p>\n<p>A term\u00e9ket 2 Literes cser\u00e9pben, 40\/60 cm-es m\u00e9retben sz\u00e1ll\u00edtjuk!<\/p>\n","protected":false},"excerpt":{"rendered":"<p>Syringa vulgaris \u2018Sensation\u2019- Tarka szirm\u00fa orgona 3- 5 m magas lombhullat\u00f3 cserje. Lombja z\u00f6ld, fel\u00e9p\u00edt\u00e9se bokros. Vir\u00e1gai r\u00f3zsasz\u00ednek, v\u00e9kony ez\u00fcst szeg\u00e9llyel, nagy m\u00e9ret\u0171ek, \u00e1prilis- m\u00e1jusban ny\u00edlnak. Napos vagy f\u00e9l\u00e1rny\u00e9kos helyre \u00fcltess\u00fck, humuszban gazdag talajba. J\u00f3l t\u0171ri a sz\u00e1razs\u00e1got \u00e9s a v\u00e1rosi k\u00f6rnyezetet. Alkalmas szoliternek vagy s\u00f6v\u00e9nynek is. Gy\u00f6k\u00e9rnemesek, nem oltv\u00e1nyok, \u00edgy nem a vad alany [&hellip;]<\/p>\n","protected":false},"featured_media":5693,"comment_status":"open","ping_status":"closed","template":"","meta":{"_monsterinsights_skip_tracking":false,"_monsterinsights_sitenote_active":false,"_monsterinsights_sitenote_note":"","_monsterinsights_sitenote_category":0},"product_brand":[],"product_cat":[26,21],"product_tag":[229,301,85,86],"class_list":{"0":"post-5692","1":"product","2":"type-product","3":"status-publish","4":"has-post-thumbnail","6":"product_cat-cserjek-bokrok","7":"product_cat-evelo-novenyek","8":"product_tag-cserje","9":"product_tag-orgona","10":"product_tag-rozsaszin","11":"product_tag-tarka","13":"first","14":"instock","15":"taxable","16":"shipping-taxable","17":"purchasable","18":"product-type-simple"},"aioseo_notices":[],"_links":{"self":[{"href":"https:\/\/szel-pasztorkerteszet.hu\/index.php?rest_route=\/wp\/v2\/product\/5692","targetHints":{"allow":["GET"]}}],"collection":[{"href":"https:\/\/szel-pasztorkerteszet.hu\/index.php?rest_route=\/wp\/v2\/product"}],"about":[{"href":"https:\/\/szel-pasztorkerteszet.hu\/index.php?rest_route=\/wp\/v2\/types\/product"}],"replies":[{"embeddable":true,"href":"https:\/\/szel-pasztorkerteszet.hu\/index.php?rest_route=%2Fwp%2Fv2%2Fcomments&post=5692"}],"wp:featuredmedia":[{"embeddable":true,"href":"https:\/\/szel-pasztorkerteszet.hu\/index.php?rest_route=\/wp\/v2\/media\/5693"}],"wp:attachment":[{"href":"https:\/\/szel-pasztorkerteszet.hu\/index.php?rest_route=%2Fwp%2Fv2%2Fmedia&parent=5692"}],"wp:term":[{"taxonomy":"product_brand","embeddable":true,"href":"https:\/\/szel-pasztorkerteszet.hu\/index.php?rest_route=%2Fwp%2Fv2%2Fproduct_brand&post=5692"},{"taxonomy":"product_cat","embeddable":true,"href":"https:\/\/szel-pasztorkerteszet.hu\/index.php?rest_route=%2Fwp%2Fv2%2Fproduct_cat&post=5692"},{"taxonomy":"product_tag","embeddable":true,"href":"https:\/\/szel-pasztorkerteszet.hu\/index.php?rest_route=%2Fwp%2Fv2%2Fproduct_tag&post=5692"}],"curies":[{"name":"wp","href":"https:\/\/api.w.org\/{rel}","templated":true}]}}