{"id":5948,"date":"2024-04-16T14:18:01","date_gmt":"2024-04-16T14:18:01","guid":{"rendered":"https:\/\/szel-pasztorkerteszet.hu\/?post_type=product&#038;p=5948"},"modified":"2026-03-07T15:32:26","modified_gmt":"2026-03-07T15:32:26","slug":"liquidambar-styraciflua-amerikai-ambrafa","status":"publish","type":"product","link":"https:\/\/szel-pasztorkerteszet.hu\/?product=liquidambar-styraciflua-amerikai-ambrafa","title":{"rendered":"Liquidambar styraciflua\/ Amerikai \u00e1mbrafa"},"content":{"rendered":"<p>Liquidambar styraciflua\/ Amerikai \u00e1mbrafa<\/p>\n<p>Nagy termet\u0171, tereb\u00e9lyes koron\u00e1j\u00fa, rendk\u00edv\u00fcl mutat\u00f3s d\u00edszfa. V\u00e9gs\u0151 magass\u00e1ga 20-25 m\u00e9ter. Koron\u00e1ja szab\u00e1lyos k\u00fap alak\u00fa. Nagy d\u00edsz\u00edt\u0151 \u00e9rt\u00e9k\u00e9t sz\u00e1rnyasan kar\u00e9jos levelei mellett \u0151szi lombsz\u00edne adja. \u00c1prilis- m\u00e1jusban vir\u00e1gzik, ezut\u00e1n fejl\u0151dnek ki term\u00e9sei.\u00a0 Napos vagy f\u00e9l\u00e1rny\u00e9kos helyre savany\u00fa k\u00e9mhat\u00e1s\u00fa talajban fejl\u0151dik igaz\u00e1n sz\u00e9pen. M\u00e9sz\u00e9rz\u00e9keny fajta. Fiatalon rendszeres \u00f6nt\u00f6z\u00e9st ig\u00e9nyel. F\u0151k\u00e9nt szoliterk\u00e9nt \u00e9rdemes \u00fcltetni.<\/p>\n<p>11L-es kont\u00e9nerben 160\/180 cm<\/p>\n<p>Kiz\u00e1r\u00f3lag kert\u00e9szeti \u00e1tv\u00e9tellel vagy saj\u00e1t aut\u00f3s kisz\u00e1ll\u00edt\u00e1ssal rendelhet\u0151!<\/p>\n","protected":false},"excerpt":{"rendered":"<p>Liquidambar styraciflua\/ Amerikai \u00e1mbrafa Nagy termet\u0171, tereb\u00e9lyes koron\u00e1j\u00fa, rendk\u00edv\u00fcl mutat\u00f3s d\u00edszfa. V\u00e9gs\u0151 magass\u00e1ga 20-25 m\u00e9ter. Koron\u00e1ja szab\u00e1lyos k\u00fap alak\u00fa. Nagy d\u00edsz\u00edt\u0151 \u00e9rt\u00e9k\u00e9t sz\u00e1rnyasan kar\u00e9jos levelei mellett \u0151szi lombsz\u00edne adja. \u00c1prilis- m\u00e1jusban vir\u00e1gzik, ezut\u00e1n fejl\u0151dnek ki term\u00e9sei.\u00a0 Napos vagy f\u00e9l\u00e1rny\u00e9kos helyre savany\u00fa k\u00e9mhat\u00e1s\u00fa talajban fejl\u0151dik igaz\u00e1n sz\u00e9pen. M\u00e9sz\u00e9rz\u00e9keny fajta. Fiatalon rendszeres \u00f6nt\u00f6z\u00e9st ig\u00e9nyel. F\u0151k\u00e9nt szoliterk\u00e9nt \u00e9rdemes [&hellip;]<\/p>\n","protected":false},"featured_media":5939,"comment_status":"open","ping_status":"closed","template":"","meta":{"_monsterinsights_skip_tracking":false,"_monsterinsights_sitenote_active":false,"_monsterinsights_sitenote_note":"","_monsterinsights_sitenote_category":0},"product_brand":[],"product_cat":[38],"product_tag":[518,705,706],"class_list":{"0":"post-5948","1":"product","2":"type-product","3":"status-publish","4":"has-post-thumbnail","6":"product_cat-diszfak","7":"product_tag-ambrafa","8":"product_tag-amerikai-ambrafa","9":"product_tag-mezgafa","11":"first","12":"instock","13":"taxable","14":"shipping-taxable","15":"purchasable","16":"product-type-simple"},"aioseo_notices":[],"_links":{"self":[{"href":"https:\/\/szel-pasztorkerteszet.hu\/index.php?rest_route=\/wp\/v2\/product\/5948","targetHints":{"allow":["GET"]}}],"collection":[{"href":"https:\/\/szel-pasztorkerteszet.hu\/index.php?rest_route=\/wp\/v2\/product"}],"about":[{"href":"https:\/\/szel-pasztorkerteszet.hu\/index.php?rest_route=\/wp\/v2\/types\/product"}],"replies":[{"embeddable":true,"href":"https:\/\/szel-pasztorkerteszet.hu\/index.php?rest_route=%2Fwp%2Fv2%2Fcomments&post=5948"}],"wp:featuredmedia":[{"embeddable":true,"href":"https:\/\/szel-pasztorkerteszet.hu\/index.php?rest_route=\/wp\/v2\/media\/5939"}],"wp:attachment":[{"href":"https:\/\/szel-pasztorkerteszet.hu\/index.php?rest_route=%2Fwp%2Fv2%2Fmedia&parent=5948"}],"wp:term":[{"taxonomy":"product_brand","embeddable":true,"href":"https:\/\/szel-pasztorkerteszet.hu\/index.php?rest_route=%2Fwp%2Fv2%2Fproduct_brand&post=5948"},{"taxonomy":"product_cat","embeddable":true,"href":"https:\/\/szel-pasztorkerteszet.hu\/index.php?rest_route=%2Fwp%2Fv2%2Fproduct_cat&post=5948"},{"taxonomy":"product_tag","embeddable":true,"href":"https:\/\/szel-pasztorkerteszet.hu\/index.php?rest_route=%2Fwp%2Fv2%2Fproduct_tag&post=5948"}],"curies":[{"name":"wp","href":"https:\/\/api.w.org\/{rel}","templated":true}]}}