{"id":5955,"date":"2024-04-16T14:56:23","date_gmt":"2024-04-16T14:56:23","guid":{"rendered":"https:\/\/szel-pasztorkerteszet.hu\/?post_type=product&#038;p=5955"},"modified":"2026-03-07T15:31:55","modified_gmt":"2026-03-07T15:31:55","slug":"hydrangea-paniculata-wims-red-bugas-hortenzia","status":"publish","type":"product","link":"https:\/\/szel-pasztorkerteszet.hu\/?product=hydrangea-paniculata-wims-red-bugas-hortenzia","title":{"rendered":"Hydrangea paniculata &#8216;Wim&#8217;s Red&#8217;\/ Bug\u00e1s hortenzia"},"content":{"rendered":"<p>Hydrangea paniculata &#8216;Wim&#8217;s Red&#8217;\/ Bug\u00e1s hortenzia<\/p>\n<p>1,2-1,5 m magasra n\u00f6v\u0151, s\u0171r\u0171n el\u00e1gaz\u00f3 cserje. Vir\u00e1gai k\u00fap alak\u00faak, kezdetben feh\u00e9r sz\u00edn\u0171ek, majd fokozatosan s\u00f6t\u00e9t r\u00f3zsasz\u00edn \u00e1rnyalat\u00fav\u00e1 v\u00e1ltoznak.\u00a0 J\u00faliust\u00f3l- szeptemberig ny\u00edlnak. A f\u00e9l\u00e1rny\u00e9kos helyeket kedveli, a d\u00e9lel\u00f6tti napot m\u00e9g elviseli. Nagyon v\u00edzig\u00e9nyes n\u00f6v\u00e9ny! T\u00e1panyagd\u00fas, nedves, savany\u00fa talajban fejl\u0151dik a legszebben. \u00d6n\u00e1ll\u00f3 csoportokban, \u00e9vel\u0151 \u00e1gy\u00e1sokban \u00e9s s\u00f6v\u00e9nyk\u00e9nt is nagyon j\u00f3l mutat.<\/p>\n<p>A term\u00e9ket 3L-es kont\u00e9nerben sz\u00e1ll\u00edtjuk!<\/p>\n","protected":false},"excerpt":{"rendered":"<p>Hydrangea paniculata &#8216;Wim&#8217;s Red&#8217;\/ Bug\u00e1s hortenzia 1,2-1,5 m magasra n\u00f6v\u0151, s\u0171r\u0171n el\u00e1gaz\u00f3 cserje. Vir\u00e1gai k\u00fap alak\u00faak, kezdetben feh\u00e9r sz\u00edn\u0171ek, majd fokozatosan s\u00f6t\u00e9t r\u00f3zsasz\u00edn \u00e1rnyalat\u00fav\u00e1 v\u00e1ltoznak.\u00a0 J\u00faliust\u00f3l- szeptemberig ny\u00edlnak. A f\u00e9l\u00e1rny\u00e9kos helyeket kedveli, a d\u00e9lel\u00f6tti napot m\u00e9g elviseli. Nagyon v\u00edzig\u00e9nyes n\u00f6v\u00e9ny! T\u00e1panyagd\u00fas, nedves, savany\u00fa talajban fejl\u0151dik a legszebben. \u00d6n\u00e1ll\u00f3 csoportokban, \u00e9vel\u0151 \u00e1gy\u00e1sokban \u00e9s s\u00f6v\u00e9nyk\u00e9nt is nagyon [&hellip;]<\/p>\n","protected":false},"featured_media":5950,"comment_status":"open","ping_status":"closed","template":"","meta":{"_monsterinsights_skip_tracking":false,"_monsterinsights_sitenote_active":false,"_monsterinsights_sitenote_note":"","_monsterinsights_sitenote_category":0},"product_brand":[],"product_cat":[19,26],"product_tag":[57,485,229,202],"class_list":{"0":"post-5955","1":"product","2":"type-product","3":"status-publish","4":"has-post-thumbnail","6":"product_cat-arnyekkedvelo-novenyek","7":"product_cat-cserjek-bokrok","8":"product_tag-arnyek","9":"product_tag-bugas-hortenzia","10":"product_tag-cserje","11":"product_tag-hortenzia","13":"first","14":"instock","15":"taxable","16":"shipping-taxable","17":"purchasable","18":"product-type-simple"},"aioseo_notices":[],"_links":{"self":[{"href":"https:\/\/szel-pasztorkerteszet.hu\/index.php?rest_route=\/wp\/v2\/product\/5955","targetHints":{"allow":["GET"]}}],"collection":[{"href":"https:\/\/szel-pasztorkerteszet.hu\/index.php?rest_route=\/wp\/v2\/product"}],"about":[{"href":"https:\/\/szel-pasztorkerteszet.hu\/index.php?rest_route=\/wp\/v2\/types\/product"}],"replies":[{"embeddable":true,"href":"https:\/\/szel-pasztorkerteszet.hu\/index.php?rest_route=%2Fwp%2Fv2%2Fcomments&post=5955"}],"wp:featuredmedia":[{"embeddable":true,"href":"https:\/\/szel-pasztorkerteszet.hu\/index.php?rest_route=\/wp\/v2\/media\/5950"}],"wp:attachment":[{"href":"https:\/\/szel-pasztorkerteszet.hu\/index.php?rest_route=%2Fwp%2Fv2%2Fmedia&parent=5955"}],"wp:term":[{"taxonomy":"product_brand","embeddable":true,"href":"https:\/\/szel-pasztorkerteszet.hu\/index.php?rest_route=%2Fwp%2Fv2%2Fproduct_brand&post=5955"},{"taxonomy":"product_cat","embeddable":true,"href":"https:\/\/szel-pasztorkerteszet.hu\/index.php?rest_route=%2Fwp%2Fv2%2Fproduct_cat&post=5955"},{"taxonomy":"product_tag","embeddable":true,"href":"https:\/\/szel-pasztorkerteszet.hu\/index.php?rest_route=%2Fwp%2Fv2%2Fproduct_tag&post=5955"}],"curies":[{"name":"wp","href":"https:\/\/api.w.org\/{rel}","templated":true}]}}