{"id":6054,"date":"2024-05-03T11:16:22","date_gmt":"2024-05-03T11:16:22","guid":{"rendered":"https:\/\/szel-pasztorkerteszet.hu\/?post_type=product&#038;p=6054"},"modified":"2026-03-07T15:27:35","modified_gmt":"2026-03-07T15:27:35","slug":"acer-palmatum-katsura-japan-juhar","status":"publish","type":"product","link":"https:\/\/szel-pasztorkerteszet.hu\/?product=acer-palmatum-katsura-japan-juhar","title":{"rendered":"Acer palmatum &#8216;Katsura&#8217;\/ Jap\u00e1n juhar"},"content":{"rendered":"<p>Acer palmatum &#8216;Katsura&#8217;- Jap\u00e1n juhar<\/p>\n<p>K\u00f6zepes m\u00e9ret\u0171 2-4 m\u00e9ter magasra n\u00f6v\u0151 , sz\u00e9tter\u00fcl\u0151 koron\u00e1j\u00fa d\u00edszfa. Levelei tavasszal \u00e9l\u00e9nk s\u00e1rga-narancss\u00e1rga\u00a0 \u00e1rnyalat\u00faak, ny\u00e1ron \u00e9l\u00e9nk z\u00f6ld, majd \u0151sszel ism\u00e9t \u00e9l\u00e9nk narancss\u00e1rga sz\u00ednben pomp\u00e1znak. Legjobban f\u00e9l\u00e1rny\u00e9kban fejl\u0151dik, de t\u0171ri a napf\u00e9nyt is megfelel\u0151 \u00f6nt\u00f6z\u00e9s mellett. Enyh\u00e9n savas, t\u00e1panyagban gazdag talajba \u00fcltess\u00fck. Rendszeres \u00f6nt\u00f6z\u00e9st ig\u00e9nyel!<\/p>\n<p>A term\u00e9k kiz\u00e1r\u00f3lag kert\u00e9szeti \u00e1tv\u00e9tellel vagy saj\u00e1t aut\u00f3s kisz\u00e1ll\u00edt\u00e1ssal rendelhet\u0151!<\/p>\n<p>20L-es kont\u00e9nerben 100\/120 cm<\/p>\n","protected":false},"excerpt":{"rendered":"<p>Acer palmatum &#8216;Katsura&#8217;- Jap\u00e1n juhar K\u00f6zepes m\u00e9ret\u0171 2-4 m\u00e9ter magasra n\u00f6v\u0151 , sz\u00e9tter\u00fcl\u0151 koron\u00e1j\u00fa d\u00edszfa. Levelei tavasszal \u00e9l\u00e9nk s\u00e1rga-narancss\u00e1rga\u00a0 \u00e1rnyalat\u00faak, ny\u00e1ron \u00e9l\u00e9nk z\u00f6ld, majd \u0151sszel ism\u00e9t \u00e9l\u00e9nk narancss\u00e1rga sz\u00ednben pomp\u00e1znak. Legjobban f\u00e9l\u00e1rny\u00e9kban fejl\u0151dik, de t\u0171ri a napf\u00e9nyt is megfelel\u0151 \u00f6nt\u00f6z\u00e9s mellett. Enyh\u00e9n savas, t\u00e1panyagban gazdag talajba \u00fcltess\u00fck. Rendszeres \u00f6nt\u00f6z\u00e9st ig\u00e9nyel! A term\u00e9k kiz\u00e1r\u00f3lag kert\u00e9szeti \u00e1tv\u00e9tellel [&hellip;]<\/p>\n","protected":false},"featured_media":6057,"comment_status":"open","ping_status":"closed","template":"","meta":{"_monsterinsights_skip_tracking":false,"_monsterinsights_sitenote_active":false,"_monsterinsights_sitenote_note":"","_monsterinsights_sitenote_category":0},"product_brand":[],"product_cat":[19,26,38],"product_tag":[703,57,634,127,67],"class_list":{"0":"post-6054","1":"product","2":"type-product","3":"status-publish","4":"has-post-thumbnail","6":"product_cat-arnyekkedvelo-novenyek","7":"product_cat-cserjek-bokrok","8":"product_cat-diszfak","9":"product_tag-acer","10":"product_tag-arnyek","11":"product_tag-japan-juhar","12":"product_tag-narancs","13":"product_tag-sarga","15":"first","16":"instock","17":"taxable","18":"shipping-taxable","19":"purchasable","20":"product-type-simple"},"aioseo_notices":[],"_links":{"self":[{"href":"https:\/\/szel-pasztorkerteszet.hu\/index.php?rest_route=\/wp\/v2\/product\/6054","targetHints":{"allow":["GET"]}}],"collection":[{"href":"https:\/\/szel-pasztorkerteszet.hu\/index.php?rest_route=\/wp\/v2\/product"}],"about":[{"href":"https:\/\/szel-pasztorkerteszet.hu\/index.php?rest_route=\/wp\/v2\/types\/product"}],"replies":[{"embeddable":true,"href":"https:\/\/szel-pasztorkerteszet.hu\/index.php?rest_route=%2Fwp%2Fv2%2Fcomments&post=6054"}],"wp:featuredmedia":[{"embeddable":true,"href":"https:\/\/szel-pasztorkerteszet.hu\/index.php?rest_route=\/wp\/v2\/media\/6057"}],"wp:attachment":[{"href":"https:\/\/szel-pasztorkerteszet.hu\/index.php?rest_route=%2Fwp%2Fv2%2Fmedia&parent=6054"}],"wp:term":[{"taxonomy":"product_brand","embeddable":true,"href":"https:\/\/szel-pasztorkerteszet.hu\/index.php?rest_route=%2Fwp%2Fv2%2Fproduct_brand&post=6054"},{"taxonomy":"product_cat","embeddable":true,"href":"https:\/\/szel-pasztorkerteszet.hu\/index.php?rest_route=%2Fwp%2Fv2%2Fproduct_cat&post=6054"},{"taxonomy":"product_tag","embeddable":true,"href":"https:\/\/szel-pasztorkerteszet.hu\/index.php?rest_route=%2Fwp%2Fv2%2Fproduct_tag&post=6054"}],"curies":[{"name":"wp","href":"https:\/\/api.w.org\/{rel}","templated":true}]}}