{"id":6877,"date":"2025-03-11T14:50:59","date_gmt":"2025-03-11T14:50:59","guid":{"rendered":"https:\/\/szel-pasztorkerteszet.hu\/?post_type=product&#038;p=6877"},"modified":"2026-03-17T14:23:24","modified_gmt":"2026-03-17T14:23:24","slug":"trachelospermum-jasminoides-csillagjazmin","status":"publish","type":"product","link":"https:\/\/szel-pasztorkerteszet.hu\/?product=trachelospermum-jasminoides-csillagjazmin","title":{"rendered":"Trachelospermum jasminoides\/ Csillagj\u00e1zmin"},"content":{"rendered":"<p>Trachelospermum jasminoides- Csillagj\u00e1zmin<\/p>\n<p>3-4 m\u00e9ter magasra felk\u00fasz\u00f3 \u00f6r\u00f6kz\u00f6ld n\u00f6v\u00e9ny. Levelei f\u00e9nyesek, toj\u00e1sdad alak\u00faak. Illatos, feh\u00e9r, csillagalak\u00fa vir\u00e1gait m\u00e1just\u00f3l- augusztusig hozza. Napos vagy f\u00e9l\u00e1rny\u00e9kos helyre, semleges, t\u00e1panyagban gazdag talajba \u00fcltess\u00fck. Sz\u00e9lv\u00e9dett, d\u00e9li fekv\u00e9sben fejl\u0151dik igaz\u00e1n sz\u00e9pen, m\u00e9rs\u00e9kelten fagyt\u0171r\u0151!<\/p>\n<p>A term\u00e9ket 2L-es kont\u00e9nerben 80\/100 cm-es m\u00e9retben sz\u00e1ll\u00edtjuk!<\/p>\n","protected":false},"excerpt":{"rendered":"<p>Trachelospermum jasminoides- Csillagj\u00e1zmin 3-4 m\u00e9ter magasra felk\u00fasz\u00f3 \u00f6r\u00f6kz\u00f6ld n\u00f6v\u00e9ny. Levelei f\u00e9nyesek, toj\u00e1sdad alak\u00faak. Illatos, feh\u00e9r, csillagalak\u00fa vir\u00e1gait m\u00e1just\u00f3l- augusztusig hozza. Napos vagy f\u00e9l\u00e1rny\u00e9kos helyre, semleges, t\u00e1panyagban gazdag talajba \u00fcltess\u00fck. Sz\u00e9lv\u00e9dett, d\u00e9li fekv\u00e9sben fejl\u0151dik igaz\u00e1n sz\u00e9pen, m\u00e9rs\u00e9kelten fagyt\u0171r\u0151! A term\u00e9ket 2L-es kont\u00e9nerben 80\/100 cm-es m\u00e9retben sz\u00e1ll\u00edtjuk!<\/p>\n","protected":false},"featured_media":6878,"comment_status":"open","ping_status":"closed","template":"","meta":{"_monsterinsights_skip_tracking":false,"_monsterinsights_sitenote_active":false,"_monsterinsights_sitenote_note":"","_monsterinsights_sitenote_category":0},"product_brand":[],"product_cat":[29,37,34],"product_tag":[843,64,349,193,448],"class_list":{"0":"post-6877","1":"product","2":"type-product","3":"status-publish","4":"has-post-thumbnail","6":"product_cat-kuszo-novenyek","7":"product_cat-mediterran-novenyek","8":"product_cat-orokzold-novenyek","9":"product_tag-csillagjazmin","10":"product_tag-feher","11":"product_tag-illatos","12":"product_tag-kuszo","13":"product_tag-mediterran","15":"first","16":"instock","17":"taxable","18":"shipping-taxable","19":"purchasable","20":"product-type-simple"},"aioseo_notices":[],"_links":{"self":[{"href":"https:\/\/szel-pasztorkerteszet.hu\/index.php?rest_route=\/wp\/v2\/product\/6877","targetHints":{"allow":["GET"]}}],"collection":[{"href":"https:\/\/szel-pasztorkerteszet.hu\/index.php?rest_route=\/wp\/v2\/product"}],"about":[{"href":"https:\/\/szel-pasztorkerteszet.hu\/index.php?rest_route=\/wp\/v2\/types\/product"}],"replies":[{"embeddable":true,"href":"https:\/\/szel-pasztorkerteszet.hu\/index.php?rest_route=%2Fwp%2Fv2%2Fcomments&post=6877"}],"wp:featuredmedia":[{"embeddable":true,"href":"https:\/\/szel-pasztorkerteszet.hu\/index.php?rest_route=\/wp\/v2\/media\/6878"}],"wp:attachment":[{"href":"https:\/\/szel-pasztorkerteszet.hu\/index.php?rest_route=%2Fwp%2Fv2%2Fmedia&parent=6877"}],"wp:term":[{"taxonomy":"product_brand","embeddable":true,"href":"https:\/\/szel-pasztorkerteszet.hu\/index.php?rest_route=%2Fwp%2Fv2%2Fproduct_brand&post=6877"},{"taxonomy":"product_cat","embeddable":true,"href":"https:\/\/szel-pasztorkerteszet.hu\/index.php?rest_route=%2Fwp%2Fv2%2Fproduct_cat&post=6877"},{"taxonomy":"product_tag","embeddable":true,"href":"https:\/\/szel-pasztorkerteszet.hu\/index.php?rest_route=%2Fwp%2Fv2%2Fproduct_tag&post=6877"}],"curies":[{"name":"wp","href":"https:\/\/api.w.org\/{rel}","templated":true}]}}