{"id":6967,"date":"2025-03-13T16:43:31","date_gmt":"2025-03-13T16:43:31","guid":{"rendered":"https:\/\/szel-pasztorkerteszet.hu\/?post_type=product&#038;p=6967"},"modified":"2026-03-11T18:19:53","modified_gmt":"2026-03-11T18:19:53","slug":"lithodora-diffusa-grace-ward-komagcserje","status":"publish","type":"product","link":"https:\/\/szel-pasztorkerteszet.hu\/?product=lithodora-diffusa-grace-ward-komagcserje","title":{"rendered":"Lithodora diffusa &#8216;Tidepool Sky Blue&#8217;\/ K\u0151magcserje"},"content":{"rendered":"<p>Lithodora diffusa &#8216;Tidepool Sky Blue&#8217;- K\u0151magcserje<\/p>\n<p>Hever\u0151 sz\u00e1r\u00fa, lassan terjed\u0151 t\u00f6v\u0171 f\u00e9lcserje. Magass\u00e1ga kb 15-20 cm. Levelei hossz\u00fak\u00e1sak, pozsg\u00e1sszer\u0171ek, \u00f6r\u00f6kz\u00f6ldek. Vir\u00e1gai nagyon felt\u0171n\u0151ek \u00e9s mutat\u00f3sak, igazi s\u00f6t\u00e9tk\u00e9k sz\u00edn\u0171ek. M\u00e1jus- j\u00faniusban vir\u00e1gzik. Napos meleg helyre, semleges vagy savany\u00fa k\u00e9mhat\u00e1s\u00fa talajba \u00fcltess\u00fck. Rendk\u00edv\u00fcl j\u00f3 sz\u00e1razs\u00e1gt\u0171r\u0151 n\u00f6v\u00e9ny! \u00dcltethetj\u00fck sziklakertbe, ed\u00e9nybe vagy vegyes \u00e9vel\u0151 \u00e1gy\u00e1sokba talajtakar\u00f3k\u00e9nt.<\/p>\n<p>A term\u00e9ket 10,5 cm-es cser\u00e9pben sz\u00e1ll\u00edtjuk!<\/p>\n","protected":false},"excerpt":{"rendered":"<p>Lithodora diffusa &#8216;Tidepool Sky Blue&#8217;- K\u0151magcserje Hever\u0151 sz\u00e1r\u00fa, lassan terjed\u0151 t\u00f6v\u0171 f\u00e9lcserje. Magass\u00e1ga kb 15-20 cm. Levelei hossz\u00fak\u00e1sak, pozsg\u00e1sszer\u0171ek, \u00f6r\u00f6kz\u00f6ldek. Vir\u00e1gai nagyon felt\u0171n\u0151ek \u00e9s mutat\u00f3sak, igazi s\u00f6t\u00e9tk\u00e9k sz\u00edn\u0171ek. M\u00e1jus- j\u00faniusban vir\u00e1gzik. Napos meleg helyre, semleges vagy savany\u00fa k\u00e9mhat\u00e1s\u00fa talajba \u00fcltess\u00fck. Rendk\u00edv\u00fcl j\u00f3 sz\u00e1razs\u00e1gt\u0171r\u0151 n\u00f6v\u00e9ny! \u00dcltethetj\u00fck sziklakertbe, ed\u00e9nybe vagy vegyes \u00e9vel\u0151 \u00e1gy\u00e1sokba talajtakar\u00f3k\u00e9nt. A term\u00e9ket 10,5 [&hellip;]<\/p>\n","protected":false},"featured_media":6968,"comment_status":"open","ping_status":"closed","template":"","meta":{"_monsterinsights_skip_tracking":false,"_monsterinsights_sitenote_active":false,"_monsterinsights_sitenote_note":"","_monsterinsights_sitenote_category":0},"product_brand":[],"product_cat":[21,35],"product_tag":[63,858,519,52,89],"class_list":{"0":"post-6967","1":"product","2":"type-product","3":"status-publish","4":"has-post-thumbnail","6":"product_cat-evelo-novenyek","7":"product_cat-sziklakerti-novenyek","8":"product_tag-kek","9":"product_tag-komagcserje","10":"product_tag-szarazsagturo","11":"product_tag-sziklakert","12":"product_tag-talajtakaro","14":"first","15":"instock","16":"taxable","17":"shipping-taxable","18":"purchasable","19":"product-type-simple"},"aioseo_notices":[],"_links":{"self":[{"href":"https:\/\/szel-pasztorkerteszet.hu\/index.php?rest_route=\/wp\/v2\/product\/6967","targetHints":{"allow":["GET"]}}],"collection":[{"href":"https:\/\/szel-pasztorkerteszet.hu\/index.php?rest_route=\/wp\/v2\/product"}],"about":[{"href":"https:\/\/szel-pasztorkerteszet.hu\/index.php?rest_route=\/wp\/v2\/types\/product"}],"replies":[{"embeddable":true,"href":"https:\/\/szel-pasztorkerteszet.hu\/index.php?rest_route=%2Fwp%2Fv2%2Fcomments&post=6967"}],"wp:featuredmedia":[{"embeddable":true,"href":"https:\/\/szel-pasztorkerteszet.hu\/index.php?rest_route=\/wp\/v2\/media\/6968"}],"wp:attachment":[{"href":"https:\/\/szel-pasztorkerteszet.hu\/index.php?rest_route=%2Fwp%2Fv2%2Fmedia&parent=6967"}],"wp:term":[{"taxonomy":"product_brand","embeddable":true,"href":"https:\/\/szel-pasztorkerteszet.hu\/index.php?rest_route=%2Fwp%2Fv2%2Fproduct_brand&post=6967"},{"taxonomy":"product_cat","embeddable":true,"href":"https:\/\/szel-pasztorkerteszet.hu\/index.php?rest_route=%2Fwp%2Fv2%2Fproduct_cat&post=6967"},{"taxonomy":"product_tag","embeddable":true,"href":"https:\/\/szel-pasztorkerteszet.hu\/index.php?rest_route=%2Fwp%2Fv2%2Fproduct_tag&post=6967"}],"curies":[{"name":"wp","href":"https:\/\/api.w.org\/{rel}","templated":true}]}}