{"id":7311,"date":"2025-05-12T12:28:00","date_gmt":"2025-05-12T12:28:00","guid":{"rendered":"https:\/\/szel-pasztorkerteszet.hu\/?post_type=product&#038;p=7311"},"modified":"2026-04-24T09:09:45","modified_gmt":"2026-04-24T09:09:45","slug":"echinops-bannaticus-taplow-blue-kek-szamarkenyer","status":"publish","type":"product","link":"https:\/\/szel-pasztorkerteszet.hu\/?product=echinops-bannaticus-taplow-blue-kek-szamarkenyer","title":{"rendered":"Echinops ritro\/ K\u00e9k szam\u00e1rkeny\u00e9r"},"content":{"rendered":"<p>Echinops ritro- K\u00e9k szam\u00e1rkeny\u00e9r<\/p>\n<p>K\u00fcl\u00f6nleges, kb 80-100 cm magas, nagyon k\u00f6nnyen gondozhat\u00f3 \u00e9vel\u0151 n\u00f6v\u00e9ny. Ac\u00e9lk\u00e9k g\u00f6mb alak\u00fa vir\u00e1gai j\u00faliust\u00f3l- szeptemberig ny\u00edlnak. Nagyon j\u00f3l b\u00edrja a sz\u00e1razs\u00e1got \u00e9s a t\u0171z\u0151 napot! Sz\u00e1razvir\u00e1gk\u00e9nt is felhaszn\u00e1lhat\u00f3.<\/p>\n<p>A term\u00e9ket 9&#215;9 cm-es cser\u00e9pben sz\u00e1ll\u00edtjuk!<\/p>\n","protected":false},"excerpt":{"rendered":"<p>Echinops ritro- K\u00e9k szam\u00e1rkeny\u00e9r K\u00fcl\u00f6nleges, kb 80-100 cm magas, nagyon k\u00f6nnyen gondozhat\u00f3 \u00e9vel\u0151 n\u00f6v\u00e9ny. Ac\u00e9lk\u00e9k g\u00f6mb alak\u00fa vir\u00e1gai j\u00faliust\u00f3l- szeptemberig ny\u00edlnak. Nagyon j\u00f3l b\u00edrja a sz\u00e1razs\u00e1got \u00e9s a t\u0171z\u0151 napot! Sz\u00e1razvir\u00e1gk\u00e9nt is felhaszn\u00e1lhat\u00f3. A term\u00e9ket 9&#215;9 cm-es cser\u00e9pben sz\u00e1ll\u00edtjuk!<\/p>\n","protected":false},"featured_media":7312,"comment_status":"open","ping_status":"closed","template":"","meta":{"_monsterinsights_skip_tracking":false,"_monsterinsights_sitenote_active":false,"_monsterinsights_sitenote_note":"","_monsterinsights_sitenote_category":0},"product_brand":[],"product_cat":[21],"product_tag":[59,187,63,886,885,53],"class_list":{"0":"post-7311","1":"product","2":"type-product","3":"status-publish","4":"has-post-thumbnail","6":"product_cat-evelo-novenyek","7":"product_tag-evelo","8":"product_tag-gomb","9":"product_tag-kek","10":"product_tag-meleg","11":"product_tag-szamarkenyer","12":"product_tag-szarazsag","14":"first","15":"outofstock","16":"taxable","17":"shipping-taxable","18":"purchasable","19":"product-type-simple"},"aioseo_notices":[],"_links":{"self":[{"href":"https:\/\/szel-pasztorkerteszet.hu\/index.php?rest_route=\/wp\/v2\/product\/7311","targetHints":{"allow":["GET"]}}],"collection":[{"href":"https:\/\/szel-pasztorkerteszet.hu\/index.php?rest_route=\/wp\/v2\/product"}],"about":[{"href":"https:\/\/szel-pasztorkerteszet.hu\/index.php?rest_route=\/wp\/v2\/types\/product"}],"replies":[{"embeddable":true,"href":"https:\/\/szel-pasztorkerteszet.hu\/index.php?rest_route=%2Fwp%2Fv2%2Fcomments&post=7311"}],"wp:featuredmedia":[{"embeddable":true,"href":"https:\/\/szel-pasztorkerteszet.hu\/index.php?rest_route=\/wp\/v2\/media\/7312"}],"wp:attachment":[{"href":"https:\/\/szel-pasztorkerteszet.hu\/index.php?rest_route=%2Fwp%2Fv2%2Fmedia&parent=7311"}],"wp:term":[{"taxonomy":"product_brand","embeddable":true,"href":"https:\/\/szel-pasztorkerteszet.hu\/index.php?rest_route=%2Fwp%2Fv2%2Fproduct_brand&post=7311"},{"taxonomy":"product_cat","embeddable":true,"href":"https:\/\/szel-pasztorkerteszet.hu\/index.php?rest_route=%2Fwp%2Fv2%2Fproduct_cat&post=7311"},{"taxonomy":"product_tag","embeddable":true,"href":"https:\/\/szel-pasztorkerteszet.hu\/index.php?rest_route=%2Fwp%2Fv2%2Fproduct_tag&post=7311"}],"curies":[{"name":"wp","href":"https:\/\/api.w.org\/{rel}","templated":true}]}}