{"id":7672,"date":"2025-09-16T09:29:59","date_gmt":"2025-09-16T09:29:59","guid":{"rendered":"https:\/\/szel-pasztorkerteszet.hu\/?post_type=product&#038;p=7672"},"modified":"2026-03-07T13:18:20","modified_gmt":"2026-03-07T13:18:20","slug":"abies-koreana-silberlocke-koreai-jegenyefenyo","status":"publish","type":"product","link":"https:\/\/szel-pasztorkerteszet.hu\/?product=abies-koreana-silberlocke-koreai-jegenyefenyo","title":{"rendered":"Abies koreana &#8216;Silberlocke&#8217;\/ Koreai jegenyefeny\u0151"},"content":{"rendered":"<p>Abies koreana &#8216;Silberlocke&#8217;- Koreai jegenyefeny\u0151<\/p>\n<p>Rendk\u00edv\u00fcl lass\u00fa n\u00f6veked\u00e9s\u0171, k\u00fap form\u00e1j\u00fa jegenyefeny\u0151 fajta. Kifejlett kor\u00e1ban is csak 2-3 m. Fiatal kor\u00e1ban \u00e1grendszere laza, k\u00e9s\u0151bb bes\u0171r\u0171s\u00f6dik. T\u0171levelei \u00edvesen vissza hajolnak, sz\u00edn\u0171k ez\u00fcst\u00f6s. Megjelen\u00e9se nagyon l\u00e1tv\u00e1nyos \u00e9s k\u00fcl\u00f6nleges. Napos vagy f\u00e9l\u00e1rny\u00e9kos fekv\u00e9sbe, semleges vagy savany\u00fa k\u00e9mhat\u00e1s\u00fa talajba \u00fcltess\u00fck. V\u00edzig\u00e9nye m\u00e9rs\u00e9kelt.<\/p>\n<p>A term\u00e9ket 7,5L-es kont\u00e9nerben 40\/50 cm-es m\u00e9retben sz\u00e1ll\u00edtjuk!<\/p>\n","protected":false},"excerpt":{"rendered":"<p>Abies koreana &#8216;Silberlocke&#8217;- Koreai jegenyefeny\u0151 Rendk\u00edv\u00fcl lass\u00fa n\u00f6veked\u00e9s\u0171, k\u00fap form\u00e1j\u00fa jegenyefeny\u0151 fajta. Kifejlett kor\u00e1ban is csak 2-3 m. Fiatal kor\u00e1ban \u00e1grendszere laza, k\u00e9s\u0151bb bes\u0171r\u0171s\u00f6dik. T\u0171levelei \u00edvesen vissza hajolnak, sz\u00edn\u0171k ez\u00fcst\u00f6s. Megjelen\u00e9se nagyon l\u00e1tv\u00e1nyos \u00e9s k\u00fcl\u00f6nleges. Napos vagy f\u00e9l\u00e1rny\u00e9kos fekv\u00e9sbe, semleges vagy savany\u00fa k\u00e9mhat\u00e1s\u00fa talajba \u00fcltess\u00fck. V\u00edzig\u00e9nye m\u00e9rs\u00e9kelt. A term\u00e9ket 7,5L-es kont\u00e9nerben 40\/50 cm-es m\u00e9retben sz\u00e1ll\u00edtjuk!<\/p>\n","protected":false},"featured_media":7657,"comment_status":"open","ping_status":"closed","template":"","meta":{"_monsterinsights_skip_tracking":false,"_monsterinsights_sitenote_active":false,"_monsterinsights_sitenote_note":"","_monsterinsights_sitenote_category":0},"product_brand":[],"product_cat":[34,36],"product_tag":[190,896,63,138],"class_list":{"0":"post-7672","1":"product","2":"type-product","3":"status-publish","4":"has-post-thumbnail","6":"product_cat-orokzold-novenyek","7":"product_cat-tujak-ciprusok-fenyok","8":"product_tag-fenyo","9":"product_tag-jegenyefenyo","10":"product_tag-kek","11":"product_tag-kulonleges","13":"first","14":"instock","15":"taxable","16":"shipping-taxable","17":"purchasable","18":"product-type-simple"},"aioseo_notices":[],"_links":{"self":[{"href":"https:\/\/szel-pasztorkerteszet.hu\/index.php?rest_route=\/wp\/v2\/product\/7672","targetHints":{"allow":["GET"]}}],"collection":[{"href":"https:\/\/szel-pasztorkerteszet.hu\/index.php?rest_route=\/wp\/v2\/product"}],"about":[{"href":"https:\/\/szel-pasztorkerteszet.hu\/index.php?rest_route=\/wp\/v2\/types\/product"}],"replies":[{"embeddable":true,"href":"https:\/\/szel-pasztorkerteszet.hu\/index.php?rest_route=%2Fwp%2Fv2%2Fcomments&post=7672"}],"wp:featuredmedia":[{"embeddable":true,"href":"https:\/\/szel-pasztorkerteszet.hu\/index.php?rest_route=\/wp\/v2\/media\/7657"}],"wp:attachment":[{"href":"https:\/\/szel-pasztorkerteszet.hu\/index.php?rest_route=%2Fwp%2Fv2%2Fmedia&parent=7672"}],"wp:term":[{"taxonomy":"product_brand","embeddable":true,"href":"https:\/\/szel-pasztorkerteszet.hu\/index.php?rest_route=%2Fwp%2Fv2%2Fproduct_brand&post=7672"},{"taxonomy":"product_cat","embeddable":true,"href":"https:\/\/szel-pasztorkerteszet.hu\/index.php?rest_route=%2Fwp%2Fv2%2Fproduct_cat&post=7672"},{"taxonomy":"product_tag","embeddable":true,"href":"https:\/\/szel-pasztorkerteszet.hu\/index.php?rest_route=%2Fwp%2Fv2%2Fproduct_tag&post=7672"}],"curies":[{"name":"wp","href":"https:\/\/api.w.org\/{rel}","templated":true}]}}