{"id":7742,"date":"2025-10-08T14:12:21","date_gmt":"2025-10-08T14:12:21","guid":{"rendered":"https:\/\/szel-pasztorkerteszet.hu\/?post_type=product&#038;p=7742"},"modified":"2026-03-14T11:31:23","modified_gmt":"2026-03-14T11:31:23","slug":"gala-must-alma-regal-prince","status":"publish","type":"product","link":"https:\/\/szel-pasztorkerteszet.hu\/?product=gala-must-alma-regal-prince","title":{"rendered":"&#8216;G\u00e1la must&#8217; Alma (Regal Prince)"},"content":{"rendered":"<p>\u2018G\u00e1la must\u2019 Alma<\/p>\n<p>A k\u00f6zkedvelt &#8216;G\u00e1la&#8217; fajta r\u00fcgymut\u00e1ci\u00f3ja.<\/p>\n<p>F\u00e1ja k\u00f6zepesen er\u0151s vagy gyenge n\u00f6veked\u00e9s\u0171 er\u00e9ly\u0171, sz\u00e9tter\u00fcl\u0151 \u00e1grendszer\u0171. Nagyon k\u00f6nnyen alak\u00edthat\u00f3.<\/p>\n<p>Kor\u00e1n fordul term\u0151re, rendszeresen \u00e9s b\u0151ven terem.<\/p>\n<p>Porz\u00f3fajta sz\u00fcks\u00e9ges (Golden Delicius, Idared, Ozark Gold, Melrose).<\/p>\n<p>Gy\u00fcm\u00f6lcse k\u00f6z\u00e9pnagy vagy nagy 150-170g, g\u00f6mb\u00f6lyded alak\u00fa, s\u00f6t\u00e9tpiros sz\u00edn\u0171.<\/p>\n<p>\u00cdze kev\u00e9sb\u00e9 savas, \u00e9des, h\u00fasa kem\u00e9ny, ropog\u00f3s, de l\u00e9d\u00fas.<\/p>\n<p>Augusztus v\u00e9g\u00e9t\u0151l- Szeptember k\u00f6zep\u00e9ig \u00e9rik. 3-4 h\u00f3napig t\u00e1rolhat\u00f3.<\/p>\n<p>Humuszban gazdag, j\u00f3 v\u00edzgazd\u00e1lkod\u00e1s\u00fa talajba \u00fcltess\u00fck.<\/p>\n<p>Alany: MM106<\/p>\n<p>Szabadgy\u00f6keres!<\/p>\n<p>Kiz\u00e1r\u00f3lag kert\u00e9szeti \u00e1tv\u00e9tellel vagy saj\u00e1t aut\u00f3s kisz\u00e1ll\u00edt\u00e1ssal rendelhet\u0151!<\/p>\n<p>V\u00e1rhat\u00f3 kisz\u00e1ll\u00edt\u00e1s: 2025 november!<\/p>\n","protected":false},"excerpt":{"rendered":"<p>\u2018G\u00e1la must\u2019 Alma A k\u00f6zkedvelt &#8216;G\u00e1la&#8217; fajta r\u00fcgymut\u00e1ci\u00f3ja. F\u00e1ja k\u00f6zepesen er\u0151s vagy gyenge n\u00f6veked\u00e9s\u0171 er\u00e9ly\u0171, sz\u00e9tter\u00fcl\u0151 \u00e1grendszer\u0171. Nagyon k\u00f6nnyen alak\u00edthat\u00f3. Kor\u00e1n fordul term\u0151re, rendszeresen \u00e9s b\u0151ven terem. Porz\u00f3fajta sz\u00fcks\u00e9ges (Golden Delicius, Idared, Ozark Gold, Melrose). Gy\u00fcm\u00f6lcse k\u00f6z\u00e9pnagy vagy nagy 150-170g, g\u00f6mb\u00f6lyded alak\u00fa, s\u00f6t\u00e9tpiros sz\u00edn\u0171. \u00cdze kev\u00e9sb\u00e9 savas, \u00e9des, h\u00fasa kem\u00e9ny, ropog\u00f3s, de l\u00e9d\u00fas. Augusztus v\u00e9g\u00e9t\u0151l- [&hellip;]<\/p>\n","protected":false},"featured_media":7744,"comment_status":"open","ping_status":"closed","template":"","meta":{"_monsterinsights_skip_tracking":false,"_monsterinsights_sitenote_active":false,"_monsterinsights_sitenote_note":"","_monsterinsights_sitenote_category":0},"product_brand":[],"product_cat":[376,28],"product_tag":[552,556,594,75],"class_list":{"0":"post-7742","1":"product","2":"type-product","3":"status-publish","4":"has-post-thumbnail","6":"product_cat-akcios-termekek","7":"product_cat-gyumolcstermok","8":"product_tag-alma","9":"product_tag-gala","10":"product_tag-gyumolcs","11":"product_tag-piros","13":"first","14":"outofstock","15":"sale","16":"taxable","17":"shipping-taxable","18":"purchasable","19":"product-type-simple"},"aioseo_notices":[],"_links":{"self":[{"href":"https:\/\/szel-pasztorkerteszet.hu\/index.php?rest_route=\/wp\/v2\/product\/7742","targetHints":{"allow":["GET"]}}],"collection":[{"href":"https:\/\/szel-pasztorkerteszet.hu\/index.php?rest_route=\/wp\/v2\/product"}],"about":[{"href":"https:\/\/szel-pasztorkerteszet.hu\/index.php?rest_route=\/wp\/v2\/types\/product"}],"replies":[{"embeddable":true,"href":"https:\/\/szel-pasztorkerteszet.hu\/index.php?rest_route=%2Fwp%2Fv2%2Fcomments&post=7742"}],"wp:featuredmedia":[{"embeddable":true,"href":"https:\/\/szel-pasztorkerteszet.hu\/index.php?rest_route=\/wp\/v2\/media\/7744"}],"wp:attachment":[{"href":"https:\/\/szel-pasztorkerteszet.hu\/index.php?rest_route=%2Fwp%2Fv2%2Fmedia&parent=7742"}],"wp:term":[{"taxonomy":"product_brand","embeddable":true,"href":"https:\/\/szel-pasztorkerteszet.hu\/index.php?rest_route=%2Fwp%2Fv2%2Fproduct_brand&post=7742"},{"taxonomy":"product_cat","embeddable":true,"href":"https:\/\/szel-pasztorkerteszet.hu\/index.php?rest_route=%2Fwp%2Fv2%2Fproduct_cat&post=7742"},{"taxonomy":"product_tag","embeddable":true,"href":"https:\/\/szel-pasztorkerteszet.hu\/index.php?rest_route=%2Fwp%2Fv2%2Fproduct_tag&post=7742"}],"curies":[{"name":"wp","href":"https:\/\/api.w.org\/{rel}","templated":true}]}}