{"id":7797,"date":"2025-10-10T14:21:09","date_gmt":"2025-10-10T14:21:09","guid":{"rendered":"https:\/\/szel-pasztorkerteszet.hu\/?post_type=product&#038;p=7797"},"modified":"2026-03-07T13:00:50","modified_gmt":"2026-03-07T13:00:50","slug":"spiraea-japonica-anthony-waterer-japan-gyongyvesszo","status":"publish","type":"product","link":"https:\/\/szel-pasztorkerteszet.hu\/?product=spiraea-japonica-anthony-waterer-japan-gyongyvesszo","title":{"rendered":"Spiraea japonica &#8216;Anthony Waterer&#8217;\/ Jap\u00e1n gy\u00f6ngyvessz\u0151"},"content":{"rendered":"<p>Spiraea japonica \u2018Anthony Waterer\u2019-\u00a0 Jap\u00e1n gy\u00f6ngyvessz\u0151<\/p>\n<p>60-80 cm magas \u00e9s 80-100 cm sz\u00e9les, elter\u00fcl\u0151, lombhullat\u00f3 cserje. Cikl\u00e1men sz\u00edn\u0171 vir\u00e1gai j\u00faliust\u00f3l szeptemberig ny\u00edlnak, bebor\u00edtj\u00e1k a bokrot. Levelei kis m\u00e9ret\u0171ek, fogazottak, z\u00f6ldek. Napos, f\u00e9l\u00e1rny\u00e9kos, t\u00e1panyagban gazdag talajba \u00fcltess\u00fck. Rendszeres \u00f6nt\u00f6z\u00e9st ig\u00e9nyel, f\u0151leg vir\u00e1gz\u00e1skor. \u00c9vente egyszer \u00e9rdemes vissza v\u00e1gni az id\u0151s \u00e9s az elvir\u00e1gzott \u00e1gakat. \u00dcltethet\u0151 szoliternek, csoportosan, ed\u00e9nybe vagy s\u00f6v\u00e9nynek is.<\/p>\n<p>A term\u00e9ket 2 Literes cser\u00e9pben sz\u00e1ll\u00edtjuk 20\/30 cm-es m\u00e9retben!<\/p>\n","protected":false},"excerpt":{"rendered":"<p>Spiraea japonica \u2018Anthony Waterer\u2019-\u00a0 Jap\u00e1n gy\u00f6ngyvessz\u0151 60-80 cm magas \u00e9s 80-100 cm sz\u00e9les, elter\u00fcl\u0151, lombhullat\u00f3 cserje. Cikl\u00e1men sz\u00edn\u0171 vir\u00e1gai j\u00faliust\u00f3l szeptemberig ny\u00edlnak, bebor\u00edtj\u00e1k a bokrot. Levelei kis m\u00e9ret\u0171ek, fogazottak, z\u00f6ldek. Napos, f\u00e9l\u00e1rny\u00e9kos, t\u00e1panyagban gazdag talajba \u00fcltess\u00fck. Rendszeres \u00f6nt\u00f6z\u00e9st ig\u00e9nyel, f\u0151leg vir\u00e1gz\u00e1skor. \u00c9vente egyszer \u00e9rdemes vissza v\u00e1gni az id\u0151s \u00e9s az elvir\u00e1gzott \u00e1gakat. \u00dcltethet\u0151 szoliternek, csoportosan, [&hellip;]<\/p>\n","protected":false},"featured_media":7799,"comment_status":"open","ping_status":"closed","template":"","meta":{"_monsterinsights_skip_tracking":false,"_monsterinsights_sitenote_active":false,"_monsterinsights_sitenote_note":"","_monsterinsights_sitenote_category":0},"product_brand":[],"product_cat":[26],"product_tag":[229,283,116,85,707],"class_list":{"0":"post-7797","1":"product","2":"type-product","3":"status-publish","4":"has-post-thumbnail","6":"product_cat-cserjek-bokrok","7":"product_tag-cserje","8":"product_tag-gyongyvesszo","9":"product_tag-pink","10":"product_tag-rozsaszin","11":"product_tag-spiraea","13":"first","14":"instock","15":"taxable","16":"shipping-taxable","17":"purchasable","18":"product-type-simple"},"aioseo_notices":[],"_links":{"self":[{"href":"https:\/\/szel-pasztorkerteszet.hu\/index.php?rest_route=\/wp\/v2\/product\/7797","targetHints":{"allow":["GET"]}}],"collection":[{"href":"https:\/\/szel-pasztorkerteszet.hu\/index.php?rest_route=\/wp\/v2\/product"}],"about":[{"href":"https:\/\/szel-pasztorkerteszet.hu\/index.php?rest_route=\/wp\/v2\/types\/product"}],"replies":[{"embeddable":true,"href":"https:\/\/szel-pasztorkerteszet.hu\/index.php?rest_route=%2Fwp%2Fv2%2Fcomments&post=7797"}],"wp:featuredmedia":[{"embeddable":true,"href":"https:\/\/szel-pasztorkerteszet.hu\/index.php?rest_route=\/wp\/v2\/media\/7799"}],"wp:attachment":[{"href":"https:\/\/szel-pasztorkerteszet.hu\/index.php?rest_route=%2Fwp%2Fv2%2Fmedia&parent=7797"}],"wp:term":[{"taxonomy":"product_brand","embeddable":true,"href":"https:\/\/szel-pasztorkerteszet.hu\/index.php?rest_route=%2Fwp%2Fv2%2Fproduct_brand&post=7797"},{"taxonomy":"product_cat","embeddable":true,"href":"https:\/\/szel-pasztorkerteszet.hu\/index.php?rest_route=%2Fwp%2Fv2%2Fproduct_cat&post=7797"},{"taxonomy":"product_tag","embeddable":true,"href":"https:\/\/szel-pasztorkerteszet.hu\/index.php?rest_route=%2Fwp%2Fv2%2Fproduct_tag&post=7797"}],"curies":[{"name":"wp","href":"https:\/\/api.w.org\/{rel}","templated":true}]}}