{"id":7999,"date":"2026-03-17T15:14:25","date_gmt":"2026-03-17T15:14:25","guid":{"rendered":"https:\/\/szel-pasztorkerteszet.hu\/?post_type=product&#038;p=7999"},"modified":"2026-03-17T15:14:25","modified_gmt":"2026-03-17T15:14:25","slug":"acer-palmatum-red-emperor-japan-juhar","status":"publish","type":"product","link":"https:\/\/szel-pasztorkerteszet.hu\/?product=acer-palmatum-red-emperor-japan-juhar","title":{"rendered":"Acer palmatum &#8216;Red Emperor&#8217;\/ Jap\u00e1n juhar"},"content":{"rendered":"<p>Acer palmatum \u2018Red Emperor\u2019- Jap\u00e1n juhar<\/p>\n<p>4-5m magasra \u00e9s 3-4m sz\u00e9lesre n\u00f6v\u0151, lass\u00fa n\u00f6veked\u00e9s\u0171, laza koron\u00e1j\u00fa d\u00edszfa. Levelei tenyeresen \u00f6sszetettek, kihajt\u00e1skor f\u00e9nyes b\u00edborsz\u00edn\u0171ek, ny\u00e1ron fokozatosan s\u00f6t\u00e9tbord\u00f3ra v\u00e1ltanak majd \u0151sszel v\u00f6r\u00f6s sz\u00edn\u0171ek lesznek. \u00c9rdekess\u00e9ge, hogy a vessz\u0151i is bord\u00f3 sz\u00edn\u0171ek. Napos, f\u00e9l\u00e1rny\u00e9kos helyre, savany\u00fa k\u00e9mhat\u00e1s\u00fa talajba \u00fcltess\u00fck. V\u00edzig\u00e9nye nagy. \u00dcltethetj\u00fck szoliternek vagy nagyobb ed\u00e9nybe is.<\/p>\n<p>A term\u00e9ket 15L-es kont\u00e9nerben 125\/150 cm-es m\u00e9retben sz\u00e1ll\u00edtjuk!<\/p>\n<p>Kiz\u00e1r\u00f3lag kert\u00e9szeti \u00e1tv\u00e9tellel vagy saj\u00e1t aut\u00f3s kisz\u00e1ll\u00edt\u00e1ssal rendelhet\u0151!<\/p>\n","protected":false},"excerpt":{"rendered":"<p>Acer palmatum \u2018Red Emperor\u2019- Jap\u00e1n juhar 4-5m magasra \u00e9s 3-4m sz\u00e9lesre n\u00f6v\u0151, lass\u00fa n\u00f6veked\u00e9s\u0171, laza koron\u00e1j\u00fa d\u00edszfa. Levelei tenyeresen \u00f6sszetettek, kihajt\u00e1skor f\u00e9nyes b\u00edborsz\u00edn\u0171ek, ny\u00e1ron fokozatosan s\u00f6t\u00e9tbord\u00f3ra v\u00e1ltanak majd \u0151sszel v\u00f6r\u00f6s sz\u00edn\u0171ek lesznek. \u00c9rdekess\u00e9ge, hogy a vessz\u0151i is bord\u00f3 sz\u00edn\u0171ek. Napos, f\u00e9l\u00e1rny\u00e9kos helyre, savany\u00fa k\u00e9mhat\u00e1s\u00fa talajba \u00fcltess\u00fck. V\u00edzig\u00e9nye nagy. \u00dcltethetj\u00fck szoliternek vagy nagyobb ed\u00e9nybe is. A [&hellip;]<\/p>\n","protected":false},"featured_media":7990,"comment_status":"open","ping_status":"closed","template":"","meta":{"_monsterinsights_skip_tracking":false,"_monsterinsights_sitenote_active":false,"_monsterinsights_sitenote_note":"","_monsterinsights_sitenote_category":0},"product_brand":[],"product_cat":[19,38],"product_tag":[57,634,311,75],"class_list":{"0":"post-7999","1":"product","2":"type-product","3":"status-publish","4":"has-post-thumbnail","6":"product_cat-arnyekkedvelo-novenyek","7":"product_cat-diszfak","8":"product_tag-arnyek","9":"product_tag-japan-juhar","10":"product_tag-juhar","11":"product_tag-piros","13":"first","14":"instock","15":"taxable","16":"shipping-taxable","17":"purchasable","18":"product-type-simple"},"aioseo_notices":[],"_links":{"self":[{"href":"https:\/\/szel-pasztorkerteszet.hu\/index.php?rest_route=\/wp\/v2\/product\/7999","targetHints":{"allow":["GET"]}}],"collection":[{"href":"https:\/\/szel-pasztorkerteszet.hu\/index.php?rest_route=\/wp\/v2\/product"}],"about":[{"href":"https:\/\/szel-pasztorkerteszet.hu\/index.php?rest_route=\/wp\/v2\/types\/product"}],"replies":[{"embeddable":true,"href":"https:\/\/szel-pasztorkerteszet.hu\/index.php?rest_route=%2Fwp%2Fv2%2Fcomments&post=7999"}],"wp:featuredmedia":[{"embeddable":true,"href":"https:\/\/szel-pasztorkerteszet.hu\/index.php?rest_route=\/wp\/v2\/media\/7990"}],"wp:attachment":[{"href":"https:\/\/szel-pasztorkerteszet.hu\/index.php?rest_route=%2Fwp%2Fv2%2Fmedia&parent=7999"}],"wp:term":[{"taxonomy":"product_brand","embeddable":true,"href":"https:\/\/szel-pasztorkerteszet.hu\/index.php?rest_route=%2Fwp%2Fv2%2Fproduct_brand&post=7999"},{"taxonomy":"product_cat","embeddable":true,"href":"https:\/\/szel-pasztorkerteszet.hu\/index.php?rest_route=%2Fwp%2Fv2%2Fproduct_cat&post=7999"},{"taxonomy":"product_tag","embeddable":true,"href":"https:\/\/szel-pasztorkerteszet.hu\/index.php?rest_route=%2Fwp%2Fv2%2Fproduct_tag&post=7999"}],"curies":[{"name":"wp","href":"https:\/\/api.w.org\/{rel}","templated":true}]}}