{"id":8004,"date":"2026-03-17T15:30:22","date_gmt":"2026-03-17T15:30:22","guid":{"rendered":"https:\/\/szel-pasztorkerteszet.hu\/?post_type=product&#038;p=8004"},"modified":"2026-03-17T15:30:22","modified_gmt":"2026-03-17T15:30:22","slug":"acer-palmatum-okagami-japan-juhar","status":"publish","type":"product","link":"https:\/\/szel-pasztorkerteszet.hu\/?product=acer-palmatum-okagami-japan-juhar","title":{"rendered":"Acer palmatum &#8216;Okagami&#8217;\/ Jap\u00e1n juhar"},"content":{"rendered":"<p>Acer palmatum \u2018Okagami\u2019- Jap\u00e1n juhar<\/p>\n<p>3-5 m magasra n\u00f6v\u0151, lass\u00fa n\u00f6veked\u00e9s\u0171, laza koron\u00e1j\u00fa d\u00edszfa. Levelei tenyeresen \u00f6sszetettek, kihajt\u00e1skor borv\u00f6r\u00f6sek, ny\u00e1ron fokozatosan bord\u00f3ra v\u00e1ltanak majd \u0151sszel v\u00f6r\u00f6s sz\u00edn\u0171ek. Napos, f\u00e9l\u00e1rny\u00e9kos helyre, savany\u00fa k\u00e9mhat\u00e1s\u00fa talajba \u00fcltess\u00fck. V\u00edzig\u00e9nye nagy!<\/p>\n<p>A term\u00e9ket 3L-es kont\u00e9nerben 40\/60 cm-es m\u00e9retben sz\u00e1ll\u00edtjuk!<\/p>\n<p>&nbsp;<\/p>\n","protected":false},"excerpt":{"rendered":"<p>Acer palmatum \u2018Okagami\u2019- Jap\u00e1n juhar 3-5 m magasra n\u00f6v\u0151, lass\u00fa n\u00f6veked\u00e9s\u0171, laza koron\u00e1j\u00fa d\u00edszfa. Levelei tenyeresen \u00f6sszetettek, kihajt\u00e1skor borv\u00f6r\u00f6sek, ny\u00e1ron fokozatosan bord\u00f3ra v\u00e1ltanak majd \u0151sszel v\u00f6r\u00f6s sz\u00edn\u0171ek. Napos, f\u00e9l\u00e1rny\u00e9kos helyre, savany\u00fa k\u00e9mhat\u00e1s\u00fa talajba \u00fcltess\u00fck. V\u00edzig\u00e9nye nagy! A term\u00e9ket 3L-es kont\u00e9nerben 40\/60 cm-es m\u00e9retben sz\u00e1ll\u00edtjuk! &nbsp;<\/p>\n","protected":false},"featured_media":7998,"comment_status":"open","ping_status":"closed","template":"","meta":{"_monsterinsights_skip_tracking":false,"_monsterinsights_sitenote_active":false,"_monsterinsights_sitenote_note":"","_monsterinsights_sitenote_category":0},"product_brand":[],"product_cat":[19,38],"product_tag":[703,57,634,311,75],"class_list":{"0":"post-8004","1":"product","2":"type-product","3":"status-publish","4":"has-post-thumbnail","6":"product_cat-arnyekkedvelo-novenyek","7":"product_cat-diszfak","8":"product_tag-acer","9":"product_tag-arnyek","10":"product_tag-japan-juhar","11":"product_tag-juhar","12":"product_tag-piros","14":"first","15":"instock","16":"taxable","17":"shipping-taxable","18":"purchasable","19":"product-type-simple"},"aioseo_notices":[],"_links":{"self":[{"href":"https:\/\/szel-pasztorkerteszet.hu\/index.php?rest_route=\/wp\/v2\/product\/8004","targetHints":{"allow":["GET"]}}],"collection":[{"href":"https:\/\/szel-pasztorkerteszet.hu\/index.php?rest_route=\/wp\/v2\/product"}],"about":[{"href":"https:\/\/szel-pasztorkerteszet.hu\/index.php?rest_route=\/wp\/v2\/types\/product"}],"replies":[{"embeddable":true,"href":"https:\/\/szel-pasztorkerteszet.hu\/index.php?rest_route=%2Fwp%2Fv2%2Fcomments&post=8004"}],"wp:featuredmedia":[{"embeddable":true,"href":"https:\/\/szel-pasztorkerteszet.hu\/index.php?rest_route=\/wp\/v2\/media\/7998"}],"wp:attachment":[{"href":"https:\/\/szel-pasztorkerteszet.hu\/index.php?rest_route=%2Fwp%2Fv2%2Fmedia&parent=8004"}],"wp:term":[{"taxonomy":"product_brand","embeddable":true,"href":"https:\/\/szel-pasztorkerteszet.hu\/index.php?rest_route=%2Fwp%2Fv2%2Fproduct_brand&post=8004"},{"taxonomy":"product_cat","embeddable":true,"href":"https:\/\/szel-pasztorkerteszet.hu\/index.php?rest_route=%2Fwp%2Fv2%2Fproduct_cat&post=8004"},{"taxonomy":"product_tag","embeddable":true,"href":"https:\/\/szel-pasztorkerteszet.hu\/index.php?rest_route=%2Fwp%2Fv2%2Fproduct_tag&post=8004"}],"curies":[{"name":"wp","href":"https:\/\/api.w.org\/{rel}","templated":true}]}}